{"id":1947,"date":"2023-02-15T16:03:53","date_gmt":"2023-02-15T15:03:53","guid":{"rendered":"https:\/\/www.siestamar.com\/barrierefreiheit\/"},"modified":"2024-01-09T09:12:08","modified_gmt":"2024-01-09T08:12:08","slug":"barrierefreiheit","status":"publish","type":"page","link":"https:\/\/www.siestamar.com\/de\/barrierefreiheit\/","title":{"rendered":"Barrierefreiheit"},"content":{"rendered":"<div class=\"wpb-content-wrapper\"><p>[vc_row][vc_column][vc_column_text]SIESTA MAR SL (NIF: B28312684) se ha comprometido a hacer accesible su sitio web, de conformidad con el Real Decreto 1112\/2018, de 7 de septiembre, sobre accesibilidad de los sitios web y aplicaciones para dispositivos m\u00f3viles del sector p\u00fablico.<\/p>\n<p>La presente declaraci\u00f3n de accesibilidad se aplica al sitio web\u00a0<strong>Siestamar.com<\/strong>.<\/p>\n<h2>Situaci\u00f3n de cumplimiento<\/h2>\n<p>Este sitio web es parcialmente conforme con el Real Decreto 1112\/2018, de 7 de septiembre, debido a la falta de conformidad de los aspectos que se indican a continuaci\u00f3n.<\/p>\n<h3>Contenido no accesible<\/h3>\n<p>El contenido que se recoge a continuaci\u00f3n no es accesible por lo siguiente:<\/p>\n<ul>\n<li>Falta de conformidad con el Real Decreto 1112\/2018, de 7 de septiembre: podr\u00edan existir fallos puntuales de edici\u00f3n en alguna p\u00e1gina web, tanto en contenidos HTML como en documentos finales, publicados en fecha posterior al 20 de septiembre de 2018 (fecha de entrada en vigor del Real Decreto 1112\/2018, de 7 de septiembre). Concretamente puede haber errores en aquellos documentos que contienen gr\u00e1ficos, tablas complejas o contenido publicado mediante herramientas autogestionables. As\u00ed mismo pudieran existir errores en el control de las animaciones HTML.<\/li>\n<li>Carga desproporcionada: no aplica.<\/li>\n<li>El contenido no entra dentro del \u00e1mbito de la legislaci\u00f3n aplicable: no aplica.<\/li>\n<\/ul>\n<h3>Preparaci\u00f3n de la presente declaraci\u00f3n de accesibilidad<\/h3>\n<p>La presente declaraci\u00f3n fue preparada el 8<strong>\u00a0de enero de 2024<\/strong>.<\/p>\n<p>El m\u00e9todo empleado para preparar la declaraci\u00f3n ha sido una autoevaluaci\u00f3n llevada a cabo por la empresa proveedora de\u00a0<strong>siestamar.com<\/strong>. \u00daltima revisi\u00f3n de la declaraci\u00f3n: 8<strong> de enero de 2024<\/strong>.<\/p>\n<h3>Observaciones y datos de contacto<\/h3>\n<p>Puede realizar comunicaciones sobre requisitos de accesibilidad (art\u00edculo 10.2.a) del Real Decreto 1112\/2018, de 7 de septiembre) como, por ejemplo:<\/p>\n<p>Informar sobre cualquier posible incumplimiento por parte de este sitio web.<br \/>\nTransmitir otras dificultades de acceso al contenido.<br \/>\nFormular cualquier otra consulta o sugerencia de mejora relativa a la accesibilidad del sitio web.<\/p>\n<p>A trav\u00e9s de las siguientes v\u00edas:<\/p>\n<p>Correo electr\u00f3nico: <a href=\"mailto:info@siestamar.com\">info@siestamar.com<\/a>.<br \/>\nTel\u00e9fono:\u00a0<strong>93 757 30 13<\/strong>.<\/p>\n<p>Puede presentar :<\/p>\n<ul>\n<li>Una\u00a0<strong>Queja<\/strong>\u00a0relativa al cumplimiento de los requisitos del RD 1112\/2018 o<\/li>\n<li>Una\u00a0<strong>Solicitud de Informaci\u00f3n accesible<\/strong>\u00a0relativa a:<\/li>\n<li><strong>contenidos<\/strong>\u00a0que est\u00e1n excluidos del\u00a0<strong>\u00e1mbito de aplicaci\u00f3n<\/strong>\u00a0del RD 1112\/2018 seg\u00fan lo establecido por el art\u00edculo 3, apartado 4<\/li>\n<li>o contenidos que est\u00e1n\u00a0<strong>exentos<\/strong>\u00a0del\u00a0<strong>cumplimiento<\/strong>\u00a0de los requisitos de accesibilidad por imponer una\u00a0<strong>carga desproporcionada<\/strong>.<\/li>\n<\/ul>\n<p>En la Solicitud de informaci\u00f3n accesible, se debe concretar, con toda claridad, los hechos, razones y petici\u00f3n que permitan constatar que se trata de una solicitud razonable y leg\u00edtima.<\/p>\n<p>Las comunicaciones, quejas y solicitudes de informaci\u00f3n accesible ser\u00e1n recibidas y tratadas por\u00a0<strong>Siesta Mar SL<\/strong>.<\/p>\n<h3>Procedimiento de aplicaci\u00f3n<\/h3>\n<p>Si una vez realizada una\u00a0<strong>solicitud de informaci\u00f3n accesible o queja<\/strong>, \u00e9sta hubiera sido\u00a0<strong>desestimada<\/strong>,\u00a0<strong>no<\/strong>\u00a0se estuviera de\u00a0<strong>acuerdo con la decisi\u00f3n adoptada<\/strong>, o la\u00a0<strong>respuesta no cumpliera los requisitos<\/strong>\u00a0contemplados en el art\u00edculo 12.5, la persona interesada podr\u00e1 iniciar una reclamaci\u00f3n. Igualmente se podr\u00e1 iniciar una reclamaci\u00f3n en el caso de que haya\u00a0<strong>trascurrido el plazo de veinte d\u00edas h\u00e1biles<\/strong>\u00a0sin haber obtenido\u00a0<strong>respuesta<\/strong>.<\/p>\n<p>La reclamaci\u00f3n puede ser presentada trav\u00e9s del de la Instancia Gen\u00e9rica de la Sede electr\u00f3nica del\u00a0<strong>Ministerio Ministerio de Asuntos Econ\u00f3micos y Transformaci\u00f3n Digital<\/strong>, as\u00ed como en el resto de opciones recogidas en la Ley 39\/ 2015, de 1 de octubre, del Procedimiento Administrativo Com\u00fan de las Administraciones P\u00fablicas.<\/p>\n<p>Las reclamaciones ser\u00e1n recibidas y tratadas por\u00a0<strong>Ministerio de Asuntos Econ\u00f3micos y Transformaci\u00f3n Digital<\/strong>.<\/p>\n<h3>Contenido opcional<\/h3>\n<p>La versi\u00f3n actualmente visible de este sitio web es de\u00a0<strong>enero de 2024<\/strong>\u00a0y en esa fecha se hizo la revisi\u00f3n del nivel de accesibilidad vigente en aquel momento.<\/p>\n<p>A partir de dicha fecha se llevan a cabo revisiones parciales diarias del contenido web nuevo o modificado, tanto de las plantillas como de las p\u00e1ginas y documentos finales publicados, a fin de asegurar el cumplimiento de los requerimientos de accesibilidad de la Norma UNE-EN 301549:2019, considerando las excepciones del Real Decreto 1112\/2018, de 7 de septiembre.<\/p>\n<p>Entre otras se adoptan las siguientes medidas para facilitar la accesibilidad:<\/p>\n<ul>\n<li>Utilizaci\u00f3n de texto alternativo en las im\u00e1genes<\/li>\n<li>Separar el contenido de la presentaci\u00f3n mediante el uso de hojas de estilo (CSS).<\/li>\n<li>Estructurar y etiquetar correctamente el contenido de las p\u00e1ginas.<\/li>\n<li>Realizar una maquetaci\u00f3n mediante CSS y con un dise\u00f1o l\u00edquido para que se adapte a cualquier resoluci\u00f3n de pantalla.<\/li>\n<li>Utilizar un texto significativo en los enlaces.<\/li>\n<li>Evitar combinaciones de colores de poco contraste, evitar transmitir informaci\u00f3n s\u00f3lo a trav\u00e9s del color.<\/li>\n<li>Evitar el uso de JavaScript dentro de lo posible.<\/li>\n<li>Evitar el uso de marcos (frames).<\/li>\n<li>Uso de los est\u00e1ndares del W3C: HTML5, CSS 3.0, WAI AA.<\/li>\n<\/ul>\n<p>[\/vc_column_text][\/vc_column][\/vc_row]<\/p>\n<\/div>","protected":false},"excerpt":{"rendered":"<p>[vc_row][vc_column][vc_column_text]SIESTA MAR SL (NIF: B28312684) se ha comprometido a hacer accesible su sitio web, de conformidad con el Real Decreto 1112\/2018, de 7 de septiembre, sobre accesibilidad de los sitios web y aplicaciones para dispositivos m\u00f3viles del sector p\u00fablico. La presente declaraci\u00f3n de accesibilidad se aplica al sitio web\u00a0Siestamar.com. Situaci\u00f3n de cumplimiento Este sitio web &hellip; <\/p>\n<p class=\"link-more\"><a href=\"https:\/\/www.siestamar.com\/de\/barrierefreiheit\/\" class=\"more-link\"><span class=\"screen-reader-text\"> prova \"Barrierefreiheit\"<\/span><\/a><\/p>\n","protected":false},"author":3,"featured_media":0,"parent":0,"menu_order":0,"comment_status":"closed","ping_status":"closed","template":"","meta":{"footnotes":""},"class_list":["post-1947","page","type-page","status-publish","hentry"],"yoast_head":"<!-- This site is optimized with the Yoast SEO plugin v27.4 - https:\/\/yoast.com\/product\/yoast-seo-wordpress\/ -->\n<title>Barrierefreiheit - Siesta Mar Ibiza<\/title>\n<meta name=\"description\" content=\"Siesta Mar Ibiza \u00a1Vacaciones en Ibiza al mejor precio! Los Apartamentos Siesta Mar est\u00e1n pensados para sentirte como en casa y disfrutar de la tranquilidad en familia.\" \/>\n<meta name=\"robots\" content=\"noindex, nofollow\" \/>\n<meta property=\"og:locale\" content=\"de_DE\" \/>\n<meta property=\"og:type\" content=\"article\" \/>\n<meta property=\"og:title\" content=\"Barrierefreiheit - Siesta Mar Ibiza\" \/>\n<meta property=\"og:description\" content=\"Siesta Mar Ibiza \u00a1Vacaciones en Ibiza al mejor precio! Los Apartamentos Siesta Mar est\u00e1n pensados para sentirte como en casa y disfrutar de la tranquilidad en familia.\" \/>\n<meta property=\"og:url\" content=\"https:\/\/www.siestamar.com\/accesibilidad\/\" \/>\n<meta property=\"og:site_name\" content=\"Siesta Mar Ibiza\" \/>\n<meta property=\"article:modified_time\" content=\"2024-01-09T08:12:08+00:00\" \/>\n<meta name=\"twitter:card\" content=\"summary_large_image\" \/>\n<script type=\"application\/ld+json\" class=\"yoast-schema-graph\">{\"@context\":\"https:\\\/\\\/schema.org\",\"@graph\":[{\"@type\":\"WebPage\",\"@id\":\"https:\\\/\\\/www.siestamar.com\\\/accesibilidad\\\/\",\"url\":\"https:\\\/\\\/www.siestamar.com\\\/accesibilidad\\\/\",\"name\":\"Barrierefreiheit - Siesta Mar Ibiza\",\"isPartOf\":{\"@id\":\"https:\\\/\\\/www.siestamar.com\\\/#website\"},\"datePublished\":\"2023-02-15T15:03:53+00:00\",\"dateModified\":\"2024-01-09T08:12:08+00:00\",\"description\":\"Siesta Mar Ibiza \u00a1Vacaciones en Ibiza al mejor precio! Los Apartamentos Siesta Mar est\u00e1n pensados para sentirte como en casa y disfrutar de la tranquilidad en familia.\",\"breadcrumb\":{\"@id\":\"https:\\\/\\\/www.siestamar.com\\\/accesibilidad\\\/#breadcrumb\"},\"inLanguage\":\"de\",\"potentialAction\":[{\"@type\":\"ReadAction\",\"target\":[\"https:\\\/\\\/www.siestamar.com\\\/accesibilidad\\\/\"]}]},{\"@type\":\"BreadcrumbList\",\"@id\":\"https:\\\/\\\/www.siestamar.com\\\/accesibilidad\\\/#breadcrumb\",\"itemListElement\":[{\"@type\":\"ListItem\",\"position\":1,\"name\":\"Siesta Mar Ibiza\",\"item\":\"https:\\\/\\\/www.siestamar.com\\\/de\\\/willkommen-in-siesta-mar\\\/\"},{\"@type\":\"ListItem\",\"position\":2,\"name\":\"Barrierefreiheit\"}]},{\"@type\":\"WebSite\",\"@id\":\"https:\\\/\\\/www.siestamar.com\\\/#website\",\"url\":\"https:\\\/\\\/www.siestamar.com\\\/\",\"name\":\"Siesta Mar Ibiza\",\"description\":\"Apartamentos en Ibiza\",\"publisher\":{\"@id\":\"https:\\\/\\\/www.siestamar.com\\\/#organization\"},\"alternateName\":\"Apartamentos en Ibiza\",\"potentialAction\":[{\"@type\":\"SearchAction\",\"target\":{\"@type\":\"EntryPoint\",\"urlTemplate\":\"https:\\\/\\\/www.siestamar.com\\\/?s={search_term_string}\"},\"query-input\":{\"@type\":\"PropertyValueSpecification\",\"valueRequired\":true,\"valueName\":\"search_term_string\"}}],\"inLanguage\":\"de\"},{\"@type\":\"Organization\",\"@id\":\"https:\\\/\\\/www.siestamar.com\\\/#organization\",\"name\":\"Siesta Mar Ibiza\",\"alternateName\":\"Apartamentos en Ibiza\",\"url\":\"https:\\\/\\\/www.siestamar.com\\\/\",\"logo\":{\"@type\":\"ImageObject\",\"inLanguage\":\"de\",\"@id\":\"https:\\\/\\\/www.siestamar.com\\\/#\\\/schema\\\/logo\\\/image\\\/\",\"url\":\"https:\\\/\\\/www.siestamar.com\\\/wp-content\\\/uploads\\\/2022\\\/11\\\/siestamar_logo-e1669110326832.png\",\"contentUrl\":\"https:\\\/\\\/www.siestamar.com\\\/wp-content\\\/uploads\\\/2022\\\/11\\\/siestamar_logo-e1669110326832.png\",\"width\":181,\"height\":100,\"caption\":\"Siesta Mar Ibiza\"},\"image\":{\"@id\":\"https:\\\/\\\/www.siestamar.com\\\/#\\\/schema\\\/logo\\\/image\\\/\"}}]}<\/script>\n<!-- \/ Yoast SEO plugin. -->","yoast_head_json":{"title":"Barrierefreiheit - Siesta Mar Ibiza","description":"Siesta Mar Ibiza \u00a1Vacaciones en Ibiza al mejor precio! Los Apartamentos Siesta Mar est\u00e1n pensados para sentirte como en casa y disfrutar de la tranquilidad en familia.","robots":{"index":"noindex","follow":"nofollow"},"og_locale":"de_DE","og_type":"article","og_title":"Barrierefreiheit - Siesta Mar Ibiza","og_description":"Siesta Mar Ibiza \u00a1Vacaciones en Ibiza al mejor precio! Los Apartamentos Siesta Mar est\u00e1n pensados para sentirte como en casa y disfrutar de la tranquilidad en familia.","og_url":"https:\/\/www.siestamar.com\/accesibilidad\/","og_site_name":"Siesta Mar Ibiza","article_modified_time":"2024-01-09T08:12:08+00:00","twitter_card":"summary_large_image","schema":{"@context":"https:\/\/schema.org","@graph":[{"@type":"WebPage","@id":"https:\/\/www.siestamar.com\/accesibilidad\/","url":"https:\/\/www.siestamar.com\/accesibilidad\/","name":"Barrierefreiheit - Siesta Mar Ibiza","isPartOf":{"@id":"https:\/\/www.siestamar.com\/#website"},"datePublished":"2023-02-15T15:03:53+00:00","dateModified":"2024-01-09T08:12:08+00:00","description":"Siesta Mar Ibiza \u00a1Vacaciones en Ibiza al mejor precio! Los Apartamentos Siesta Mar est\u00e1n pensados para sentirte como en casa y disfrutar de la tranquilidad en familia.","breadcrumb":{"@id":"https:\/\/www.siestamar.com\/accesibilidad\/#breadcrumb"},"inLanguage":"de","potentialAction":[{"@type":"ReadAction","target":["https:\/\/www.siestamar.com\/accesibilidad\/"]}]},{"@type":"BreadcrumbList","@id":"https:\/\/www.siestamar.com\/accesibilidad\/#breadcrumb","itemListElement":[{"@type":"ListItem","position":1,"name":"Siesta Mar Ibiza","item":"https:\/\/www.siestamar.com\/de\/willkommen-in-siesta-mar\/"},{"@type":"ListItem","position":2,"name":"Barrierefreiheit"}]},{"@type":"WebSite","@id":"https:\/\/www.siestamar.com\/#website","url":"https:\/\/www.siestamar.com\/","name":"Siesta Mar Ibiza","description":"Apartamentos en Ibiza","publisher":{"@id":"https:\/\/www.siestamar.com\/#organization"},"alternateName":"Apartamentos en Ibiza","potentialAction":[{"@type":"SearchAction","target":{"@type":"EntryPoint","urlTemplate":"https:\/\/www.siestamar.com\/?s={search_term_string}"},"query-input":{"@type":"PropertyValueSpecification","valueRequired":true,"valueName":"search_term_string"}}],"inLanguage":"de"},{"@type":"Organization","@id":"https:\/\/www.siestamar.com\/#organization","name":"Siesta Mar Ibiza","alternateName":"Apartamentos en Ibiza","url":"https:\/\/www.siestamar.com\/","logo":{"@type":"ImageObject","inLanguage":"de","@id":"https:\/\/www.siestamar.com\/#\/schema\/logo\/image\/","url":"https:\/\/www.siestamar.com\/wp-content\/uploads\/2022\/11\/siestamar_logo-e1669110326832.png","contentUrl":"https:\/\/www.siestamar.com\/wp-content\/uploads\/2022\/11\/siestamar_logo-e1669110326832.png","width":181,"height":100,"caption":"Siesta Mar Ibiza"},"image":{"@id":"https:\/\/www.siestamar.com\/#\/schema\/logo\/image\/"}}]}},"_links":{"self":[{"href":"https:\/\/www.siestamar.com\/de\/wp-json\/wp\/v2\/pages\/1947","targetHints":{"allow":["GET"]}}],"collection":[{"href":"https:\/\/www.siestamar.com\/de\/wp-json\/wp\/v2\/pages"}],"about":[{"href":"https:\/\/www.siestamar.com\/de\/wp-json\/wp\/v2\/types\/page"}],"author":[{"embeddable":true,"href":"https:\/\/www.siestamar.com\/de\/wp-json\/wp\/v2\/users\/3"}],"replies":[{"embeddable":true,"href":"https:\/\/www.siestamar.com\/de\/wp-json\/wp\/v2\/comments?post=1947"}],"version-history":[{"count":3,"href":"https:\/\/www.siestamar.com\/de\/wp-json\/wp\/v2\/pages\/1947\/revisions"}],"predecessor-version":[{"id":2201,"href":"https:\/\/www.siestamar.com\/de\/wp-json\/wp\/v2\/pages\/1947\/revisions\/2201"}],"wp:attachment":[{"href":"https:\/\/www.siestamar.com\/de\/wp-json\/wp\/v2\/media?parent=1947"}],"curies":[{"name":"wp","href":"https:\/\/api.w.org\/{rel}","templated":true}]}}