{"id":1935,"date":"2023-02-15T15:28:46","date_gmt":"2023-02-15T14:28:46","guid":{"rendered":"https:\/\/www.siestamar.com\/sitemap\/"},"modified":"2023-02-15T15:28:46","modified_gmt":"2023-02-15T14:28:46","slug":"sitemap","status":"publish","type":"page","link":"https:\/\/www.siestamar.com\/de\/sitemap\/","title":{"rendered":"Sitemap"},"content":{"rendered":"<div id=\"simple-sitemap-container-69f8ad9de8143\" class=\"simple-sitemap-container simple-sitemap-container-69f8ad9de8143 tab-disabled\"><div class=\"simple-sitemap-wrap\"><h3 class=\"post-type\">Seiten<\/h3><ul class=\"simple-sitemap-page main\"><li class=\"sitemap-item page_item page-item-1869\"><a href=\"https:\/\/www.siestamar.com\/de\/condiciones-generales-de-contratacion\/\">Allgemeine Bedingungen f\u00fcr die Vertragsabschl\u00fcsse<\/a><\/li>\n<li class=\"sitemap-item page_item page-item-1892\"><a href=\"https:\/\/www.siestamar.com\/de\/allgemeine-verfuegbarkeit\/\">Allgemeine Verf\u00fcgbarkeit<\/a><\/li>\n<li class=\"sitemap-item page_item page-item-1675\"><a href=\"https:\/\/www.siestamar.com\/de\/appartement\/\">Appartement<\/a><\/li>\n<li class=\"sitemap-item page_item page-item-1947\"><a href=\"https:\/\/www.siestamar.com\/de\/barrierefreiheit\/\">Barrierefreiheit<\/a><\/li>\n<li class=\"sitemap-item page_item page-item-1688\"><a href=\"https:\/\/www.siestamar.com\/de\/bedingungen-und-konditionen\/\">Bedingungen und Konditionen<\/a><\/li>\n<li class=\"sitemap-item page_item page-item-1768\"><a href=\"https:\/\/www.siestamar.com\/de\/buchen-sie-ihr-appartement\/\">BUCHEN SIE IHR APPARTEMENT<\/a><\/li>\n<li class=\"sitemap-item page_item page-item-1781\"><a href=\"https:\/\/www.siestamar.com\/de\/cookie-richtlinie\/\">Cookie-Richtlinie<\/a><\/li>\n<li class=\"sitemap-item page_item page-item-1777\"><a href=\"https:\/\/www.siestamar.com\/de\/datenschutzbestimmungen\/\">Datenschutzbestimmungen<\/a><\/li>\n<li class=\"sitemap-item page_item page-item-1854\"><a href=\"https:\/\/www.siestamar.com\/de\/details-zur-buchung\/\">Details zur Buchung<\/a><\/li>\n<li class=\"sitemap-item page_item page-item-1714\"><a href=\"https:\/\/www.siestamar.com\/de\/dienstleistungen\/\">Dienstleistungen<\/a><\/li>\n<li class=\"sitemap-item page_item page-item-1751\"><a href=\"https:\/\/www.siestamar.com\/de\/galerie\/\">Galerie<\/a><\/li>\n<li class=\"sitemap-item page_item page-item-1856\"><a href=\"https:\/\/www.siestamar.com\/de\/grundlegendes-apartment\/\">Grundlegendes Apartment<\/a><\/li>\n<li class=\"sitemap-item page_item page-item-1762\"><a href=\"https:\/\/www.siestamar.com\/de\/ihre-buchungen\/\">Ihre Buchungen<\/a><\/li>\n<li class=\"sitemap-item page_item page-item-1700\"><a href=\"https:\/\/www.siestamar.com\/de\/kontakt\/\">Kontakt<\/a><\/li>\n<li class=\"sitemap-item page_item page-item-1910\"><a href=\"https:\/\/www.siestamar.com\/de\/pakete-und-angebote\/\">Pakete und Angebote<\/a><\/li>\n<li class=\"sitemap-item page_item page-item-1773\"><a href=\"https:\/\/www.siestamar.com\/de\/rechtlicher-hinweis\/\">Rechtlicher Hinweis<\/a><\/li>\n<li class=\"sitemap-item page_item page-item-1935\"><a href=\"https:\/\/www.siestamar.com\/de\/sitemap\/\">Sitemap<\/a><\/li>\n<li class=\"sitemap-item page_item page-item-1703\"><a href=\"https:\/\/www.siestamar.com\/de\/umgebung\/\">UMGEBUNG<\/a><\/li>\n<li class=\"sitemap-item page_item page-item-1673\"><a href=\"https:\/\/www.siestamar.com\/de\/\">Willkommen in Siesta Mar!<\/a><\/li>\n<\/ul><\/div><\/div><br style=\"clear: both;\">\n","protected":false},"excerpt":{"rendered":"SeitenAllgemeine Bedingungen f\u00fcr die Vertragsabschl\u00fcsse Allgemeine Verf\u00fcgbarkeit Appartement Barrierefreiheit Bedingungen und Konditionen BUCHEN SIE IHR APPARTEMENT Cookie-Richtlinie Datenschutzbestimmungen Details zur Buchung Dienstleistungen Galerie Grundlegendes Apartment Ihre Buchungen Kontakt Pakete und Angebote Rechtlicher Hinweis Sitemap UMGEBUNG Willkommen in Siesta Mar!","protected":false},"author":3,"featured_media":0,"parent":0,"menu_order":0,"comment_status":"closed","ping_status":"closed","template":"","meta":{"footnotes":""},"class_list":["post-1935","page","type-page","status-publish","hentry"],"yoast_head":"<!-- This site is optimized with the Yoast SEO plugin v27.4 - https:\/\/yoast.com\/product\/yoast-seo-wordpress\/ -->\n<title>Sitemap - Siesta Mar Ibiza<\/title>\n<meta name=\"description\" content=\"Siesta Mar Ibiza \u00a1Vacaciones en Ibiza al mejor precio! Los Apartamentos Siesta Mar est\u00e1n pensados para sentirte como en casa y disfrutar de la tranquilidad en familia.\" \/>\n<meta name=\"robots\" content=\"noindex, nofollow\" \/>\n<meta property=\"og:locale\" content=\"de_DE\" \/>\n<meta property=\"og:type\" content=\"article\" \/>\n<meta property=\"og:title\" content=\"Sitemap - Siesta Mar Ibiza\" \/>\n<meta property=\"og:description\" content=\"Siesta Mar Ibiza \u00a1Vacaciones en Ibiza al mejor precio! Los Apartamentos Siesta Mar est\u00e1n pensados para sentirte como en casa y disfrutar de la tranquilidad en familia.\" \/>\n<meta property=\"og:url\" content=\"https:\/\/www.siestamar.com\/mapa-de-sitio\/\" \/>\n<meta property=\"og:site_name\" content=\"Siesta Mar Ibiza\" \/>\n<meta name=\"twitter:card\" content=\"summary_large_image\" \/>\n<script type=\"application\/ld+json\" class=\"yoast-schema-graph\">{\"@context\":\"https:\\\/\\\/schema.org\",\"@graph\":[{\"@type\":\"WebPage\",\"@id\":\"https:\\\/\\\/www.siestamar.com\\\/mapa-de-sitio\\\/\",\"url\":\"https:\\\/\\\/www.siestamar.com\\\/mapa-de-sitio\\\/\",\"name\":\"Sitemap - Siesta Mar Ibiza\",\"isPartOf\":{\"@id\":\"https:\\\/\\\/www.siestamar.com\\\/#website\"},\"datePublished\":\"2023-02-15T14:28:46+00:00\",\"description\":\"Siesta Mar Ibiza \u00a1Vacaciones en Ibiza al mejor precio! Los Apartamentos Siesta Mar est\u00e1n pensados para sentirte como en casa y disfrutar de la tranquilidad en familia.\",\"breadcrumb\":{\"@id\":\"https:\\\/\\\/www.siestamar.com\\\/mapa-de-sitio\\\/#breadcrumb\"},\"inLanguage\":\"de\",\"potentialAction\":[{\"@type\":\"ReadAction\",\"target\":[\"https:\\\/\\\/www.siestamar.com\\\/mapa-de-sitio\\\/\"]}]},{\"@type\":\"BreadcrumbList\",\"@id\":\"https:\\\/\\\/www.siestamar.com\\\/mapa-de-sitio\\\/#breadcrumb\",\"itemListElement\":[{\"@type\":\"ListItem\",\"position\":1,\"name\":\"Siesta Mar Ibiza\",\"item\":\"https:\\\/\\\/www.siestamar.com\\\/de\\\/willkommen-in-siesta-mar\\\/\"},{\"@type\":\"ListItem\",\"position\":2,\"name\":\"Sitemap\"}]},{\"@type\":\"WebSite\",\"@id\":\"https:\\\/\\\/www.siestamar.com\\\/#website\",\"url\":\"https:\\\/\\\/www.siestamar.com\\\/\",\"name\":\"Siesta Mar Ibiza\",\"description\":\"Apartamentos en Ibiza\",\"publisher\":{\"@id\":\"https:\\\/\\\/www.siestamar.com\\\/#organization\"},\"alternateName\":\"Apartamentos en Ibiza\",\"potentialAction\":[{\"@type\":\"SearchAction\",\"target\":{\"@type\":\"EntryPoint\",\"urlTemplate\":\"https:\\\/\\\/www.siestamar.com\\\/?s={search_term_string}\"},\"query-input\":{\"@type\":\"PropertyValueSpecification\",\"valueRequired\":true,\"valueName\":\"search_term_string\"}}],\"inLanguage\":\"de\"},{\"@type\":\"Organization\",\"@id\":\"https:\\\/\\\/www.siestamar.com\\\/#organization\",\"name\":\"Siesta Mar Ibiza\",\"alternateName\":\"Apartamentos en Ibiza\",\"url\":\"https:\\\/\\\/www.siestamar.com\\\/\",\"logo\":{\"@type\":\"ImageObject\",\"inLanguage\":\"de\",\"@id\":\"https:\\\/\\\/www.siestamar.com\\\/#\\\/schema\\\/logo\\\/image\\\/\",\"url\":\"https:\\\/\\\/www.siestamar.com\\\/wp-content\\\/uploads\\\/2022\\\/11\\\/siestamar_logo-e1669110326832.png\",\"contentUrl\":\"https:\\\/\\\/www.siestamar.com\\\/wp-content\\\/uploads\\\/2022\\\/11\\\/siestamar_logo-e1669110326832.png\",\"width\":181,\"height\":100,\"caption\":\"Siesta Mar Ibiza\"},\"image\":{\"@id\":\"https:\\\/\\\/www.siestamar.com\\\/#\\\/schema\\\/logo\\\/image\\\/\"}}]}<\/script>\n<!-- \/ Yoast SEO plugin. -->","yoast_head_json":{"title":"Sitemap - Siesta Mar Ibiza","description":"Siesta Mar Ibiza \u00a1Vacaciones en Ibiza al mejor precio! Los Apartamentos Siesta Mar est\u00e1n pensados para sentirte como en casa y disfrutar de la tranquilidad en familia.","robots":{"index":"noindex","follow":"nofollow"},"og_locale":"de_DE","og_type":"article","og_title":"Sitemap - Siesta Mar Ibiza","og_description":"Siesta Mar Ibiza \u00a1Vacaciones en Ibiza al mejor precio! Los Apartamentos Siesta Mar est\u00e1n pensados para sentirte como en casa y disfrutar de la tranquilidad en familia.","og_url":"https:\/\/www.siestamar.com\/mapa-de-sitio\/","og_site_name":"Siesta Mar Ibiza","twitter_card":"summary_large_image","schema":{"@context":"https:\/\/schema.org","@graph":[{"@type":"WebPage","@id":"https:\/\/www.siestamar.com\/mapa-de-sitio\/","url":"https:\/\/www.siestamar.com\/mapa-de-sitio\/","name":"Sitemap - Siesta Mar Ibiza","isPartOf":{"@id":"https:\/\/www.siestamar.com\/#website"},"datePublished":"2023-02-15T14:28:46+00:00","description":"Siesta Mar Ibiza \u00a1Vacaciones en Ibiza al mejor precio! Los Apartamentos Siesta Mar est\u00e1n pensados para sentirte como en casa y disfrutar de la tranquilidad en familia.","breadcrumb":{"@id":"https:\/\/www.siestamar.com\/mapa-de-sitio\/#breadcrumb"},"inLanguage":"de","potentialAction":[{"@type":"ReadAction","target":["https:\/\/www.siestamar.com\/mapa-de-sitio\/"]}]},{"@type":"BreadcrumbList","@id":"https:\/\/www.siestamar.com\/mapa-de-sitio\/#breadcrumb","itemListElement":[{"@type":"ListItem","position":1,"name":"Siesta Mar Ibiza","item":"https:\/\/www.siestamar.com\/de\/willkommen-in-siesta-mar\/"},{"@type":"ListItem","position":2,"name":"Sitemap"}]},{"@type":"WebSite","@id":"https:\/\/www.siestamar.com\/#website","url":"https:\/\/www.siestamar.com\/","name":"Siesta Mar Ibiza","description":"Apartamentos en Ibiza","publisher":{"@id":"https:\/\/www.siestamar.com\/#organization"},"alternateName":"Apartamentos en Ibiza","potentialAction":[{"@type":"SearchAction","target":{"@type":"EntryPoint","urlTemplate":"https:\/\/www.siestamar.com\/?s={search_term_string}"},"query-input":{"@type":"PropertyValueSpecification","valueRequired":true,"valueName":"search_term_string"}}],"inLanguage":"de"},{"@type":"Organization","@id":"https:\/\/www.siestamar.com\/#organization","name":"Siesta Mar Ibiza","alternateName":"Apartamentos en Ibiza","url":"https:\/\/www.siestamar.com\/","logo":{"@type":"ImageObject","inLanguage":"de","@id":"https:\/\/www.siestamar.com\/#\/schema\/logo\/image\/","url":"https:\/\/www.siestamar.com\/wp-content\/uploads\/2022\/11\/siestamar_logo-e1669110326832.png","contentUrl":"https:\/\/www.siestamar.com\/wp-content\/uploads\/2022\/11\/siestamar_logo-e1669110326832.png","width":181,"height":100,"caption":"Siesta Mar Ibiza"},"image":{"@id":"https:\/\/www.siestamar.com\/#\/schema\/logo\/image\/"}}]}},"_links":{"self":[{"href":"https:\/\/www.siestamar.com\/de\/wp-json\/wp\/v2\/pages\/1935","targetHints":{"allow":["GET"]}}],"collection":[{"href":"https:\/\/www.siestamar.com\/de\/wp-json\/wp\/v2\/pages"}],"about":[{"href":"https:\/\/www.siestamar.com\/de\/wp-json\/wp\/v2\/types\/page"}],"author":[{"embeddable":true,"href":"https:\/\/www.siestamar.com\/de\/wp-json\/wp\/v2\/users\/3"}],"replies":[{"embeddable":true,"href":"https:\/\/www.siestamar.com\/de\/wp-json\/wp\/v2\/comments?post=1935"}],"version-history":[{"count":0,"href":"https:\/\/www.siestamar.com\/de\/wp-json\/wp\/v2\/pages\/1935\/revisions"}],"wp:attachment":[{"href":"https:\/\/www.siestamar.com\/de\/wp-json\/wp\/v2\/media?parent=1935"}],"curies":[{"name":"wp","href":"https:\/\/api.w.org\/{rel}","templated":true}]}}