{"id":1751,"date":"2022-10-21T14:24:46","date_gmt":"2022-10-21T12:24:46","guid":{"rendered":"https:\/\/www.siestamar.com\/galerie\/"},"modified":"2023-02-27T16:54:43","modified_gmt":"2023-02-27T15:54:43","slug":"galerie","status":"publish","type":"page","link":"https:\/\/www.siestamar.com\/de\/galerie\/","title":{"rendered":"Galerie"},"content":{"rendered":"<div class=\"wpb-content-wrapper\"><p>[vc_row][vc_column][vc_column_text]Nuestros apartamentos Siesta Mar Ibiza est\u00e1n situados en un complejo de apartamentos con una amplia zona ajardinada y tranquila. En el centro del complejo hay una gran piscina para adultos y una piscina para los m\u00e1s peque\u00f1os de la familia. Adem\u00e1s de un agradable restaurante con un buen ambiente y una carta de platos para toda la familia. A pocos metros del complejo esta situada la pista de tenis.[\/vc_column_text][\/vc_column][\/vc_row][vc_row][vc_column][vc_media_grid initial_loading_animation=\"none\" grid_id=\"vc_gid:1677513011643-d4b929af-e6b5-5\" include=\"1595,1598,1601,1604,1607\"][\/vc_column][\/vc_row]<\/p>\n<\/div>","protected":false},"excerpt":{"rendered":"<p>[vc_row][vc_column][vc_column_text]Nuestros apartamentos Siesta Mar Ibiza est\u00e1n situados en un complejo de apartamentos con una amplia zona ajardinada y tranquila. En el centro del complejo hay una gran piscina para adultos y una piscina para los m\u00e1s peque\u00f1os de la familia. Adem\u00e1s de un agradable restaurante con un buen ambiente y una carta de platos para &hellip; <\/p>\n<p class=\"link-more\"><a href=\"https:\/\/www.siestamar.com\/de\/galerie\/\" class=\"more-link\"><span class=\"screen-reader-text\"> prova \"Galerie\"<\/span><\/a><\/p>\n","protected":false},"author":1,"featured_media":0,"parent":0,"menu_order":0,"comment_status":"closed","ping_status":"closed","template":"","meta":{"footnotes":""},"class_list":["post-1751","page","type-page","status-publish","hentry"],"yoast_head":"<!-- This site is optimized with the Yoast SEO plugin v27.4 - https:\/\/yoast.com\/product\/yoast-seo-wordpress\/ -->\n<title>Galerie - Siesta Mar Ibiza<\/title>\n<meta name=\"description\" content=\"Siesta Mar Ibiza \u00a1Vacaciones en Ibiza al mejor precio! Los Apartamentos Siesta Mar est\u00e1n pensados para sentirte como en casa y disfrutar de la tranquilidad en familia.\" \/>\n<meta name=\"robots\" content=\"index, follow, max-snippet:-1, max-image-preview:large, max-video-preview:-1\" \/>\n<link rel=\"canonical\" href=\"https:\/\/www.siestamar.com\/de\/galerie\/\" \/>\n<meta property=\"og:locale\" content=\"de_DE\" \/>\n<meta property=\"og:type\" content=\"article\" \/>\n<meta property=\"og:title\" content=\"Galerie - Siesta Mar Ibiza\" \/>\n<meta property=\"og:description\" content=\"Siesta Mar Ibiza \u00a1Vacaciones en Ibiza al mejor precio! Los Apartamentos Siesta Mar est\u00e1n pensados para sentirte como en casa y disfrutar de la tranquilidad en familia.\" \/>\n<meta property=\"og:url\" content=\"https:\/\/www.siestamar.com\/de\/galerie\/\" \/>\n<meta property=\"og:site_name\" content=\"Siesta Mar Ibiza\" \/>\n<meta property=\"article:modified_time\" content=\"2023-02-27T15:54:43+00:00\" \/>\n<meta name=\"twitter:card\" content=\"summary_large_image\" \/>\n<script type=\"application\/ld+json\" class=\"yoast-schema-graph\">{\"@context\":\"https:\\\/\\\/schema.org\",\"@graph\":[{\"@type\":\"WebPage\",\"@id\":\"https:\\\/\\\/www.siestamar.com\\\/de\\\/galerie\\\/\",\"url\":\"https:\\\/\\\/www.siestamar.com\\\/de\\\/galerie\\\/\",\"name\":\"Galerie - Siesta Mar Ibiza\",\"isPartOf\":{\"@id\":\"https:\\\/\\\/www.siestamar.com\\\/#website\"},\"datePublished\":\"2022-10-21T12:24:46+00:00\",\"dateModified\":\"2023-02-27T15:54:43+00:00\",\"description\":\"Siesta Mar Ibiza \u00a1Vacaciones en Ibiza al mejor precio! Los Apartamentos Siesta Mar est\u00e1n pensados para sentirte como en casa y disfrutar de la tranquilidad en familia.\",\"breadcrumb\":{\"@id\":\"https:\\\/\\\/www.siestamar.com\\\/de\\\/galerie\\\/#breadcrumb\"},\"inLanguage\":\"de\",\"potentialAction\":[{\"@type\":\"ReadAction\",\"target\":[\"https:\\\/\\\/www.siestamar.com\\\/de\\\/galerie\\\/\"]}]},{\"@type\":\"BreadcrumbList\",\"@id\":\"https:\\\/\\\/www.siestamar.com\\\/de\\\/galerie\\\/#breadcrumb\",\"itemListElement\":[{\"@type\":\"ListItem\",\"position\":1,\"name\":\"Siesta Mar Ibiza\",\"item\":\"https:\\\/\\\/www.siestamar.com\\\/de\\\/willkommen-in-siesta-mar\\\/\"},{\"@type\":\"ListItem\",\"position\":2,\"name\":\"Galerie\"}]},{\"@type\":\"WebSite\",\"@id\":\"https:\\\/\\\/www.siestamar.com\\\/#website\",\"url\":\"https:\\\/\\\/www.siestamar.com\\\/\",\"name\":\"Siesta Mar Ibiza\",\"description\":\"Apartamentos en Ibiza\",\"publisher\":{\"@id\":\"https:\\\/\\\/www.siestamar.com\\\/#organization\"},\"alternateName\":\"Apartamentos en Ibiza\",\"potentialAction\":[{\"@type\":\"SearchAction\",\"target\":{\"@type\":\"EntryPoint\",\"urlTemplate\":\"https:\\\/\\\/www.siestamar.com\\\/?s={search_term_string}\"},\"query-input\":{\"@type\":\"PropertyValueSpecification\",\"valueRequired\":true,\"valueName\":\"search_term_string\"}}],\"inLanguage\":\"de\"},{\"@type\":\"Organization\",\"@id\":\"https:\\\/\\\/www.siestamar.com\\\/#organization\",\"name\":\"Siesta Mar Ibiza\",\"alternateName\":\"Apartamentos en Ibiza\",\"url\":\"https:\\\/\\\/www.siestamar.com\\\/\",\"logo\":{\"@type\":\"ImageObject\",\"inLanguage\":\"de\",\"@id\":\"https:\\\/\\\/www.siestamar.com\\\/#\\\/schema\\\/logo\\\/image\\\/\",\"url\":\"https:\\\/\\\/www.siestamar.com\\\/wp-content\\\/uploads\\\/2022\\\/11\\\/siestamar_logo-e1669110326832.png\",\"contentUrl\":\"https:\\\/\\\/www.siestamar.com\\\/wp-content\\\/uploads\\\/2022\\\/11\\\/siestamar_logo-e1669110326832.png\",\"width\":181,\"height\":100,\"caption\":\"Siesta Mar Ibiza\"},\"image\":{\"@id\":\"https:\\\/\\\/www.siestamar.com\\\/#\\\/schema\\\/logo\\\/image\\\/\"}}]}<\/script>\n<!-- \/ Yoast SEO plugin. -->","yoast_head_json":{"title":"Galerie - Siesta Mar Ibiza","description":"Siesta Mar Ibiza \u00a1Vacaciones en Ibiza al mejor precio! Los Apartamentos Siesta Mar est\u00e1n pensados para sentirte como en casa y disfrutar de la tranquilidad en familia.","robots":{"index":"index","follow":"follow","max-snippet":"max-snippet:-1","max-image-preview":"max-image-preview:large","max-video-preview":"max-video-preview:-1"},"canonical":"https:\/\/www.siestamar.com\/de\/galerie\/","og_locale":"de_DE","og_type":"article","og_title":"Galerie - Siesta Mar Ibiza","og_description":"Siesta Mar Ibiza \u00a1Vacaciones en Ibiza al mejor precio! Los Apartamentos Siesta Mar est\u00e1n pensados para sentirte como en casa y disfrutar de la tranquilidad en familia.","og_url":"https:\/\/www.siestamar.com\/de\/galerie\/","og_site_name":"Siesta Mar Ibiza","article_modified_time":"2023-02-27T15:54:43+00:00","twitter_card":"summary_large_image","schema":{"@context":"https:\/\/schema.org","@graph":[{"@type":"WebPage","@id":"https:\/\/www.siestamar.com\/de\/galerie\/","url":"https:\/\/www.siestamar.com\/de\/galerie\/","name":"Galerie - Siesta Mar Ibiza","isPartOf":{"@id":"https:\/\/www.siestamar.com\/#website"},"datePublished":"2022-10-21T12:24:46+00:00","dateModified":"2023-02-27T15:54:43+00:00","description":"Siesta Mar Ibiza \u00a1Vacaciones en Ibiza al mejor precio! Los Apartamentos Siesta Mar est\u00e1n pensados para sentirte como en casa y disfrutar de la tranquilidad en familia.","breadcrumb":{"@id":"https:\/\/www.siestamar.com\/de\/galerie\/#breadcrumb"},"inLanguage":"de","potentialAction":[{"@type":"ReadAction","target":["https:\/\/www.siestamar.com\/de\/galerie\/"]}]},{"@type":"BreadcrumbList","@id":"https:\/\/www.siestamar.com\/de\/galerie\/#breadcrumb","itemListElement":[{"@type":"ListItem","position":1,"name":"Siesta Mar Ibiza","item":"https:\/\/www.siestamar.com\/de\/willkommen-in-siesta-mar\/"},{"@type":"ListItem","position":2,"name":"Galerie"}]},{"@type":"WebSite","@id":"https:\/\/www.siestamar.com\/#website","url":"https:\/\/www.siestamar.com\/","name":"Siesta Mar Ibiza","description":"Apartamentos en Ibiza","publisher":{"@id":"https:\/\/www.siestamar.com\/#organization"},"alternateName":"Apartamentos en Ibiza","potentialAction":[{"@type":"SearchAction","target":{"@type":"EntryPoint","urlTemplate":"https:\/\/www.siestamar.com\/?s={search_term_string}"},"query-input":{"@type":"PropertyValueSpecification","valueRequired":true,"valueName":"search_term_string"}}],"inLanguage":"de"},{"@type":"Organization","@id":"https:\/\/www.siestamar.com\/#organization","name":"Siesta Mar Ibiza","alternateName":"Apartamentos en Ibiza","url":"https:\/\/www.siestamar.com\/","logo":{"@type":"ImageObject","inLanguage":"de","@id":"https:\/\/www.siestamar.com\/#\/schema\/logo\/image\/","url":"https:\/\/www.siestamar.com\/wp-content\/uploads\/2022\/11\/siestamar_logo-e1669110326832.png","contentUrl":"https:\/\/www.siestamar.com\/wp-content\/uploads\/2022\/11\/siestamar_logo-e1669110326832.png","width":181,"height":100,"caption":"Siesta Mar Ibiza"},"image":{"@id":"https:\/\/www.siestamar.com\/#\/schema\/logo\/image\/"}}]}},"_links":{"self":[{"href":"https:\/\/www.siestamar.com\/de\/wp-json\/wp\/v2\/pages\/1751","targetHints":{"allow":["GET"]}}],"collection":[{"href":"https:\/\/www.siestamar.com\/de\/wp-json\/wp\/v2\/pages"}],"about":[{"href":"https:\/\/www.siestamar.com\/de\/wp-json\/wp\/v2\/types\/page"}],"author":[{"embeddable":true,"href":"https:\/\/www.siestamar.com\/de\/wp-json\/wp\/v2\/users\/1"}],"replies":[{"embeddable":true,"href":"https:\/\/www.siestamar.com\/de\/wp-json\/wp\/v2\/comments?post=1751"}],"version-history":[{"count":5,"href":"https:\/\/www.siestamar.com\/de\/wp-json\/wp\/v2\/pages\/1751\/revisions"}],"predecessor-version":[{"id":2029,"href":"https:\/\/www.siestamar.com\/de\/wp-json\/wp\/v2\/pages\/1751\/revisions\/2029"}],"wp:attachment":[{"href":"https:\/\/www.siestamar.com\/de\/wp-json\/wp\/v2\/media?parent=1751"}],"curies":[{"name":"wp","href":"https:\/\/api.w.org\/{rel}","templated":true}]}}