{"id":1714,"date":"2022-12-07T14:35:23","date_gmt":"2022-12-07T13:35:23","guid":{"rendered":"https:\/\/www.siestamar.com\/dienstleistungen\/"},"modified":"2022-12-15T11:40:13","modified_gmt":"2022-12-15T10:40:13","slug":"dienstleistungen","status":"publish","type":"page","link":"https:\/\/www.siestamar.com\/de\/dienstleistungen\/","title":{"rendered":"Dienstleistungen"},"content":{"rendered":"<div class=\"wpb-content-wrapper\"><p>[vc_row][vc_column][vc_column_text]<\/p>\n<h3 style=\"text-align: center;\">In allen unseren Wohnungen bieten wir:<\/h3>\n<p>[\/vc_column_text][\/vc_column][\/vc_row][vc_row css=\".vc_custom_1670421994858{padding-top: 50px !important;padding-bottom: 50px !important;}\"][vc_column width=\"1\/2\"][vc_column_text]<\/p>\n<ul>\n<li>Wifi<\/li>\n<li>Klimaanlage<\/li>\n<li>Reinigen und Wechseln der Bettw\u00e4sche und Handt\u00fccher.<\/li>\n<li>W\u00e4schetrockner, B\u00fcgeleisen und Kinderbett (auf Anfrage).<\/li>\n<li>Notruftelefon (au\u00dferhalb der \u00d6ffnungszeiten der Rezeption).<\/li>\n<li>Verleih von Strandt\u00fcchern.<\/li>\n<\/ul>\n<p>[\/vc_column_text][\/vc_column][vc_column width=\"1\/2\"][vc_column_text]<strong>Externe Dienstleistungen<\/strong><\/p>\n<ul>\n<li>Gro\u00dfes Schwimmbad mit Kinderbereich (Sonnenliegen m\u00fcssen separat bezahlt werden) und gro\u00dfe Gartenanlagen.<\/li>\n<li>Restaurant am Pool.<\/li>\n<li>Vermietung von Autos, Motorr\u00e4dern und Fahrr\u00e4dern.<\/li>\n<li>Vermittlung von Bootsausfl\u00fcgen nach Formentera.<\/li>\n<li>Ausfl\u00fcge<\/li>\n<li>Tennisplatz (nach Vereinbarung)<\/li>\n<li>Verkauf von Eintrittskarten Diskotheken<\/li>\n<\/ul>\n<p>[\/vc_column_text][\/vc_column][vc_column][vc_separator el_width=\"70\"][\/vc_column][\/vc_row][vc_row equal_height=\"yes\" content_placement=\"middle\" css=\".vc_custom_1670929415644{margin-top: 0px !important;margin-right: 0px !important;margin-bottom: 0px !important;margin-left: 0px !important;padding-top: 0px !important;padding-right: 0px !important;padding-bottom: 0px !important;padding-left: 0px !important;}\"][vc_column width=\"1\/2\" css=\".vc_custom_1670929769371{margin-top: 0px !important;margin-right: 0px !important;margin-bottom: 0px !important;margin-left: 0px !important;padding-top: 0px !important;padding-right: 0px !important;padding-bottom: 0px !important;padding-left: 0px !important;background-color: #fbfbfb !important;}\" offset=\"vc_hidden-xs\"][vc_column_text css=\".vc_custom_1670928075766{padding-right: 1em !important;padding-left: 1em !important;}\"]<\/p>\n<h2><a href=\"https:\/\/www.siestamar.com\/de\/garten-und-solarium\/\"><span style=\"color: #b98d1e;\">Garten Und Solarium<\/span><\/a><\/h2>\n<p>Eine der Attraktionen der Anlage Siesta Mar ist der gro\u00dfe Garten in der Mitte der Anlage, von dem aus man die Aussicht und die Ruhe genie\u00dfen kann.[\/vc_column_text][\/vc_column][vc_column width=\"1\/2\" css=\".vc_custom_1670929756674{margin-top: 0px !important;margin-right: 0px !important;margin-bottom: 0px !important;margin-left: 0px !important;padding-top: 0px !important;padding-right: 0px !important;padding-bottom: 0px !important;padding-left: 0px !important;}\" offset=\"vc_hidden-xs\"][vc_single_image image=\"1619\" img_size=\"full\" alignment=\"right\" css=\".vc_custom_1670928051310{margin-top: 0px !important;margin-right: 0px !important;margin-bottom: 0px !important;margin-left: 0px !important;padding-top: 0px !important;padding-right: 0px !important;padding-bottom: 0px !important;padding-left: 0px !important;}\"][\/vc_column][\/vc_row][vc_row equal_height=\"yes\" content_placement=\"middle\" css=\".vc_custom_1670929956753{margin-top: 0px !important;margin-right: 0px !important;margin-bottom: 0px !important;margin-left: 0px !important;padding-top: 0px !important;padding-right: 0px !important;padding-bottom: 0px !important;padding-left: 0px !important;}\" el_class=\"mobile\"][vc_column css=\".vc_custom_1670929913695{margin-top: 0px !important;margin-right: 0px !important;margin-left: 0px !important;padding-top: 0px !important;padding-right: 0px !important;padding-bottom: 40px !important;padding-left: 0px !important;}\" offset=\"vc_hidden-lg vc_hidden-md vc_hidden-sm\"][vc_column_text css=\".vc_custom_1670928075766{padding-right: 1em !important;padding-left: 1em !important;}\"]<\/p>\n<h2><a href=\"https:\/\/www.siestamar.com\/de\/garten-und-solarium\/\"><span style=\"color: #b98d1e;\">Garten Und Solarium<\/span><\/a><\/h2>\n<p>Eine der Attraktionen der Anlage Siesta Mar ist der gro\u00dfe Garten in der Mitte der Anlage, von dem aus man die Aussicht und die Ruhe genie\u00dfen kann.[\/vc_column_text][vc_single_image image=\"1619\" img_size=\"full\" alignment=\"right\" css=\".vc_custom_1670928051310{margin-top: 0px !important;margin-right: 0px !important;margin-bottom: 0px !important;margin-left: 0px !important;padding-top: 0px !important;padding-right: 0px !important;padding-bottom: 0px !important;padding-left: 0px !important;}\"][\/vc_column][\/vc_row][vc_row equal_height=\"yes\" content_placement=\"middle\" css=\".vc_custom_1670929420309{margin-top: 0px !important;margin-right: 0px !important;margin-bottom: 0px !important;margin-left: 0px !important;padding-top: 0px !important;padding-right: 0px !important;padding-bottom: 0px !important;padding-left: 0px !important;}\"][vc_column width=\"1\/2\" css=\".vc_custom_1670929830295{margin-top: 0px !important;margin-right: 0px !important;margin-bottom: 0px !important;margin-left: 0px !important;padding-top: 0px !important;padding-right: 0px !important;padding-bottom: 0px !important;padding-left: 0px !important;}\" offset=\"vc_hidden-xs\"][vc_single_image image=\"1614\" img_size=\"full\" alignment=\"right\" css=\".vc_custom_1670928107118{margin-top: 0px !important;margin-right: 0px !important;margin-bottom: 0px !important;margin-left: 0px !important;padding-top: 0px !important;padding-right: 0px !important;padding-bottom: 0px !important;padding-left: 0px !important;}\"][\/vc_column][vc_column width=\"1\/2\" css=\".vc_custom_1670929836983{margin-top: 0px !important;margin-right: 0px !important;margin-bottom: 0px !important;margin-left: 0px !important;padding-top: 0px !important;padding-right: 0px !important;padding-bottom: 0px !important;padding-left: 0px !important;background-color: #fbfbfb !important;}\" offset=\"vc_hidden-xs\"][vc_column_text css=\".vc_custom_1670932708411{margin-right: 0px !important;margin-left: 0px !important;padding-right: 1em !important;padding-left: 1em !important;}\"]<\/p>\n<h2><a href=\"https:\/\/www.siestamar.com\/de\/tennisplatz\/\"><span style=\"color: #b98d1e;\">Tennisplatz<\/span><\/a><\/h2>\n<p>Siesta Mar verf\u00fcgt \u00fcber zwei Tennispl\u00e4tze, auf denen Sie Sport treiben k\u00f6nnen, wobei Sie den Platz und die Zeit ganz einfach \u00fcber eine App buchen k\u00f6nnen.[\/vc_column_text][\/vc_column][\/vc_row][vc_row equal_height=\"yes\" content_placement=\"middle\" css=\".vc_custom_1670929420309{margin-top: 0px !important;margin-right: 0px !important;margin-bottom: 0px !important;margin-left: 0px !important;padding-top: 0px !important;padding-right: 0px !important;padding-bottom: 0px !important;padding-left: 0px !important;}\"][vc_column css=\".vc_custom_1670929988366{margin-top: 0px !important;margin-right: 0px !important;margin-left: 0px !important;padding-top: 0px !important;padding-right: 0px !important;padding-bottom: 40px !important;padding-left: 0px !important;}\" offset=\"vc_hidden-lg vc_hidden-md vc_hidden-sm\" el_class=\"mobile\"][vc_column_text css=\".vc_custom_1670932721888{margin-right: 0px !important;margin-left: 0px !important;padding-right: 1em !important;padding-left: 1em !important;}\"]<\/p>\n<h2><a href=\"https:\/\/www.siestamar.com\/de\/tennisplatz\/\"><span style=\"color: #b98d1e;\">Tennisplatz<\/span><\/a><\/h2>\n<p>Siesta Mar verf\u00fcgt \u00fcber zwei Tennispl\u00e4tze, auf denen Sie Sport treiben k\u00f6nnen, wobei Sie den Platz und die Zeit ganz einfach \u00fcber eine App buchen k\u00f6nnen.[\/vc_column_text][vc_single_image image=\"1614\" img_size=\"full\" alignment=\"right\" css=\".vc_custom_1670928107118{margin-top: 0px !important;margin-right: 0px !important;margin-bottom: 0px !important;margin-left: 0px !important;padding-top: 0px !important;padding-right: 0px !important;padding-bottom: 0px !important;padding-left: 0px !important;}\"][\/vc_column][\/vc_row][vc_row equal_height=\"yes\" content_placement=\"middle\" css=\".vc_custom_1670422292843{margin: 0px !important;padding: 0px !important;}\"][vc_column width=\"1\/2\" css=\".vc_custom_1670930007582{margin-top: 0px !important;margin-right: 0px !important;margin-bottom: 0px !important;margin-left: 0px !important;padding-top: 0px !important;padding-right: 0px !important;padding-bottom: 0px !important;padding-left: 0px !important;background-color: #fbfbfb !important;}\" offset=\"vc_hidden-xs\"][vc_column_text css=\".vc_custom_1670928152162{margin-right: 0px !important;margin-left: 0px !important;padding-right: 1em !important;padding-left: 1em !important;}\"]<\/p>\n<h2><a href=\"https:\/\/www.siestamar.com\/de\/pool\/\"><span style=\"color: #b98d1e;\">Pool<\/span><\/a><\/h2>\n<p>Der Lieblingsplatz unserer G\u00e4ste ist zweifelsohne der gro\u00dfe Swimmingpool im Zentrum des Siesta Mar-Komplexes, es gibt auch einen Pool f\u00fcr die Kleinsten. Der Pool verf\u00fcgt \u00fcber ein Restaurant und eine Bar.[\/vc_column_text][\/vc_column][vc_column width=\"1\/2\" css=\".vc_custom_1670930002332{margin-top: 0px !important;margin-right: 0px !important;margin-bottom: 0px !important;margin-left: 0px !important;padding-top: 0px !important;padding-right: 0px !important;padding-bottom: 0px !important;padding-left: 0px !important;}\" offset=\"vc_hidden-xs\"][vc_single_image image=\"1624\" img_size=\"full\" alignment=\"right\" css=\".vc_custom_1670928135701{margin-top: 0px !important;margin-right: 0px !important;margin-bottom: 0px !important;margin-left: 0px !important;padding-top: 0px !important;padding-right: 0px !important;padding-bottom: 0px !important;padding-left: 0px !important;}\"][\/vc_column][\/vc_row][vc_row equal_height=\"yes\" content_placement=\"middle\" css=\".vc_custom_1670422292843{margin: 0px !important;padding: 0px !important;}\"][vc_column css=\".vc_custom_1670930047998{margin-top: 0px !important;margin-right: 0px !important;margin-bottom: 0px !important;margin-left: 0px !important;padding-top: 0px !important;padding-right: 0px !important;padding-bottom: 0px !important;padding-left: 0px !important;}\" el_class=\"mobile\" offset=\"vc_hidden-lg vc_hidden-md vc_hidden-sm\"][vc_column_text css=\".vc_custom_1670928152162{margin-right: 0px !important;margin-left: 0px !important;padding-right: 1em !important;padding-left: 1em !important;}\"]<\/p>\n<h2><a href=\"https:\/\/www.siestamar.com\/de\/pool\/\"><span style=\"color: #b98d1e;\">Pool<\/span><\/a><\/h2>\n<p>Der Lieblingsplatz unserer G\u00e4ste ist zweifelsohne der gro\u00dfe Swimmingpool im Zentrum des Siesta Mar-Komplexes, es gibt auch einen Pool f\u00fcr die Kleinsten. Der Pool verf\u00fcgt \u00fcber ein Restaurant und eine Bar.[\/vc_column_text][vc_single_image image=\"1624\" img_size=\"full\" alignment=\"right\" css=\".vc_custom_1670928135701{margin-top: 0px !important;margin-right: 0px !important;margin-bottom: 0px !important;margin-left: 0px !important;padding-top: 0px !important;padding-right: 0px !important;padding-bottom: 0px !important;padding-left: 0px !important;}\"][\/vc_column][\/vc_row][vc_row css=\".vc_custom_1670421795985{margin-top: 1rem !important;margin-bottom: 1rem !important;}\"][vc_column][vc_separator color=\"white\" css=\".vc_custom_1670422037419{padding-top: 25px !important;padding-bottom: 25px !important;}\"][\/vc_column][\/vc_row]<\/p>\n<\/div>","protected":false},"excerpt":{"rendered":"<p>[vc_row][vc_column][vc_column_text] In allen unseren Wohnungen bieten wir: [\/vc_column_text][\/vc_column][\/vc_row][vc_row css=\".vc_custom_1670421994858{padding-top: 50px !important;padding-bottom: 50px !important;}\"][vc_column width=\"1\/2\"][vc_column_text] Wifi Klimaanlage Reinigen und Wechseln der Bettw\u00e4sche und Handt\u00fccher. W\u00e4schetrockner, B\u00fcgeleisen und Kinderbett (auf Anfrage). Notruftelefon (au\u00dferhalb der \u00d6ffnungszeiten der Rezeption). Verleih von Strandt\u00fcchern. [\/vc_column_text][\/vc_column][vc_column width=\"1\/2\"][vc_column_text]Externe Dienstleistungen Gro\u00dfes Schwimmbad mit Kinderbereich (Sonnenliegen m\u00fcssen separat bezahlt werden) und gro\u00dfe Gartenanlagen. Restaurant am &hellip; <\/p>\n<p class=\"link-more\"><a href=\"https:\/\/www.siestamar.com\/de\/dienstleistungen\/\" class=\"more-link\"><span class=\"screen-reader-text\"> prova \"Dienstleistungen\"<\/span><\/a><\/p>\n","protected":false},"author":1,"featured_media":0,"parent":0,"menu_order":0,"comment_status":"closed","ping_status":"closed","template":"","meta":{"footnotes":""},"class_list":["post-1714","page","type-page","status-publish","hentry"],"yoast_head":"<!-- This site is optimized with the Yoast SEO plugin v27.4 - https:\/\/yoast.com\/product\/yoast-seo-wordpress\/ -->\n<title>Dienstleistungen - Siesta Mar Ibiza<\/title>\n<meta name=\"description\" content=\"Siesta Mar Ibiza \u00a1Vacaciones en Ibiza al mejor precio! Los Apartamentos Siesta Mar est\u00e1n pensados para sentirte como en casa y disfrutar de la tranquilidad en familia.\" \/>\n<meta name=\"robots\" content=\"index, follow, max-snippet:-1, max-image-preview:large, max-video-preview:-1\" \/>\n<link rel=\"canonical\" href=\"https:\/\/www.siestamar.com\/de\/dienstleistungen\/\" \/>\n<meta property=\"og:locale\" content=\"de_DE\" \/>\n<meta property=\"og:type\" content=\"article\" \/>\n<meta property=\"og:title\" content=\"Dienstleistungen - Siesta Mar Ibiza\" \/>\n<meta property=\"og:description\" content=\"Siesta Mar Ibiza \u00a1Vacaciones en Ibiza al mejor precio! Los Apartamentos Siesta Mar est\u00e1n pensados para sentirte como en casa y disfrutar de la tranquilidad en familia.\" \/>\n<meta property=\"og:url\" content=\"https:\/\/www.siestamar.com\/de\/dienstleistungen\/\" \/>\n<meta property=\"og:site_name\" content=\"Siesta Mar Ibiza\" \/>\n<meta property=\"article:modified_time\" content=\"2022-12-15T10:40:13+00:00\" \/>\n<meta name=\"twitter:card\" content=\"summary_large_image\" \/>\n<script type=\"application\/ld+json\" class=\"yoast-schema-graph\">{\"@context\":\"https:\\\/\\\/schema.org\",\"@graph\":[{\"@type\":\"WebPage\",\"@id\":\"https:\\\/\\\/www.siestamar.com\\\/de\\\/dienstleistungen\\\/\",\"url\":\"https:\\\/\\\/www.siestamar.com\\\/de\\\/dienstleistungen\\\/\",\"name\":\"Dienstleistungen - Siesta Mar Ibiza\",\"isPartOf\":{\"@id\":\"https:\\\/\\\/www.siestamar.com\\\/#website\"},\"datePublished\":\"2022-12-07T13:35:23+00:00\",\"dateModified\":\"2022-12-15T10:40:13+00:00\",\"description\":\"Siesta Mar Ibiza \u00a1Vacaciones en Ibiza al mejor precio! Los Apartamentos Siesta Mar est\u00e1n pensados para sentirte como en casa y disfrutar de la tranquilidad en familia.\",\"breadcrumb\":{\"@id\":\"https:\\\/\\\/www.siestamar.com\\\/de\\\/dienstleistungen\\\/#breadcrumb\"},\"inLanguage\":\"de\",\"potentialAction\":[{\"@type\":\"ReadAction\",\"target\":[\"https:\\\/\\\/www.siestamar.com\\\/de\\\/dienstleistungen\\\/\"]}]},{\"@type\":\"BreadcrumbList\",\"@id\":\"https:\\\/\\\/www.siestamar.com\\\/de\\\/dienstleistungen\\\/#breadcrumb\",\"itemListElement\":[{\"@type\":\"ListItem\",\"position\":1,\"name\":\"Siesta Mar Ibiza\",\"item\":\"https:\\\/\\\/www.siestamar.com\\\/de\\\/willkommen-in-siesta-mar\\\/\"},{\"@type\":\"ListItem\",\"position\":2,\"name\":\"Dienstleistungen\"}]},{\"@type\":\"WebSite\",\"@id\":\"https:\\\/\\\/www.siestamar.com\\\/#website\",\"url\":\"https:\\\/\\\/www.siestamar.com\\\/\",\"name\":\"Siesta Mar Ibiza\",\"description\":\"Apartamentos en Ibiza\",\"publisher\":{\"@id\":\"https:\\\/\\\/www.siestamar.com\\\/#organization\"},\"alternateName\":\"Apartamentos en Ibiza\",\"potentialAction\":[{\"@type\":\"SearchAction\",\"target\":{\"@type\":\"EntryPoint\",\"urlTemplate\":\"https:\\\/\\\/www.siestamar.com\\\/?s={search_term_string}\"},\"query-input\":{\"@type\":\"PropertyValueSpecification\",\"valueRequired\":true,\"valueName\":\"search_term_string\"}}],\"inLanguage\":\"de\"},{\"@type\":\"Organization\",\"@id\":\"https:\\\/\\\/www.siestamar.com\\\/#organization\",\"name\":\"Siesta Mar Ibiza\",\"alternateName\":\"Apartamentos en Ibiza\",\"url\":\"https:\\\/\\\/www.siestamar.com\\\/\",\"logo\":{\"@type\":\"ImageObject\",\"inLanguage\":\"de\",\"@id\":\"https:\\\/\\\/www.siestamar.com\\\/#\\\/schema\\\/logo\\\/image\\\/\",\"url\":\"https:\\\/\\\/www.siestamar.com\\\/wp-content\\\/uploads\\\/2022\\\/11\\\/siestamar_logo-e1669110326832.png\",\"contentUrl\":\"https:\\\/\\\/www.siestamar.com\\\/wp-content\\\/uploads\\\/2022\\\/11\\\/siestamar_logo-e1669110326832.png\",\"width\":181,\"height\":100,\"caption\":\"Siesta Mar Ibiza\"},\"image\":{\"@id\":\"https:\\\/\\\/www.siestamar.com\\\/#\\\/schema\\\/logo\\\/image\\\/\"}}]}<\/script>\n<!-- \/ Yoast SEO plugin. -->","yoast_head_json":{"title":"Dienstleistungen - Siesta Mar Ibiza","description":"Siesta Mar Ibiza \u00a1Vacaciones en Ibiza al mejor precio! Los Apartamentos Siesta Mar est\u00e1n pensados para sentirte como en casa y disfrutar de la tranquilidad en familia.","robots":{"index":"index","follow":"follow","max-snippet":"max-snippet:-1","max-image-preview":"max-image-preview:large","max-video-preview":"max-video-preview:-1"},"canonical":"https:\/\/www.siestamar.com\/de\/dienstleistungen\/","og_locale":"de_DE","og_type":"article","og_title":"Dienstleistungen - Siesta Mar Ibiza","og_description":"Siesta Mar Ibiza \u00a1Vacaciones en Ibiza al mejor precio! Los Apartamentos Siesta Mar est\u00e1n pensados para sentirte como en casa y disfrutar de la tranquilidad en familia.","og_url":"https:\/\/www.siestamar.com\/de\/dienstleistungen\/","og_site_name":"Siesta Mar Ibiza","article_modified_time":"2022-12-15T10:40:13+00:00","twitter_card":"summary_large_image","schema":{"@context":"https:\/\/schema.org","@graph":[{"@type":"WebPage","@id":"https:\/\/www.siestamar.com\/de\/dienstleistungen\/","url":"https:\/\/www.siestamar.com\/de\/dienstleistungen\/","name":"Dienstleistungen - Siesta Mar Ibiza","isPartOf":{"@id":"https:\/\/www.siestamar.com\/#website"},"datePublished":"2022-12-07T13:35:23+00:00","dateModified":"2022-12-15T10:40:13+00:00","description":"Siesta Mar Ibiza \u00a1Vacaciones en Ibiza al mejor precio! Los Apartamentos Siesta Mar est\u00e1n pensados para sentirte como en casa y disfrutar de la tranquilidad en familia.","breadcrumb":{"@id":"https:\/\/www.siestamar.com\/de\/dienstleistungen\/#breadcrumb"},"inLanguage":"de","potentialAction":[{"@type":"ReadAction","target":["https:\/\/www.siestamar.com\/de\/dienstleistungen\/"]}]},{"@type":"BreadcrumbList","@id":"https:\/\/www.siestamar.com\/de\/dienstleistungen\/#breadcrumb","itemListElement":[{"@type":"ListItem","position":1,"name":"Siesta Mar Ibiza","item":"https:\/\/www.siestamar.com\/de\/willkommen-in-siesta-mar\/"},{"@type":"ListItem","position":2,"name":"Dienstleistungen"}]},{"@type":"WebSite","@id":"https:\/\/www.siestamar.com\/#website","url":"https:\/\/www.siestamar.com\/","name":"Siesta Mar Ibiza","description":"Apartamentos en Ibiza","publisher":{"@id":"https:\/\/www.siestamar.com\/#organization"},"alternateName":"Apartamentos en Ibiza","potentialAction":[{"@type":"SearchAction","target":{"@type":"EntryPoint","urlTemplate":"https:\/\/www.siestamar.com\/?s={search_term_string}"},"query-input":{"@type":"PropertyValueSpecification","valueRequired":true,"valueName":"search_term_string"}}],"inLanguage":"de"},{"@type":"Organization","@id":"https:\/\/www.siestamar.com\/#organization","name":"Siesta Mar Ibiza","alternateName":"Apartamentos en Ibiza","url":"https:\/\/www.siestamar.com\/","logo":{"@type":"ImageObject","inLanguage":"de","@id":"https:\/\/www.siestamar.com\/#\/schema\/logo\/image\/","url":"https:\/\/www.siestamar.com\/wp-content\/uploads\/2022\/11\/siestamar_logo-e1669110326832.png","contentUrl":"https:\/\/www.siestamar.com\/wp-content\/uploads\/2022\/11\/siestamar_logo-e1669110326832.png","width":181,"height":100,"caption":"Siesta Mar Ibiza"},"image":{"@id":"https:\/\/www.siestamar.com\/#\/schema\/logo\/image\/"}}]}},"_links":{"self":[{"href":"https:\/\/www.siestamar.com\/de\/wp-json\/wp\/v2\/pages\/1714","targetHints":{"allow":["GET"]}}],"collection":[{"href":"https:\/\/www.siestamar.com\/de\/wp-json\/wp\/v2\/pages"}],"about":[{"href":"https:\/\/www.siestamar.com\/de\/wp-json\/wp\/v2\/types\/page"}],"author":[{"embeddable":true,"href":"https:\/\/www.siestamar.com\/de\/wp-json\/wp\/v2\/users\/1"}],"replies":[{"embeddable":true,"href":"https:\/\/www.siestamar.com\/de\/wp-json\/wp\/v2\/comments?post=1714"}],"version-history":[{"count":5,"href":"https:\/\/www.siestamar.com\/de\/wp-json\/wp\/v2\/pages\/1714\/revisions"}],"predecessor-version":[{"id":1734,"href":"https:\/\/www.siestamar.com\/de\/wp-json\/wp\/v2\/pages\/1714\/revisions\/1734"}],"wp:attachment":[{"href":"https:\/\/www.siestamar.com\/de\/wp-json\/wp\/v2\/media?parent=1714"}],"curies":[{"name":"wp","href":"https:\/\/api.w.org\/{rel}","templated":true}]}}