{"id":1703,"date":"2022-12-07T15:28:52","date_gmt":"2022-12-07T14:28:52","guid":{"rendered":"https:\/\/www.siestamar.com\/umgebung\/"},"modified":"2022-12-15T11:18:30","modified_gmt":"2022-12-15T10:18:30","slug":"umgebung","status":"publish","type":"page","link":"https:\/\/www.siestamar.com\/de\/umgebung\/","title":{"rendered":"UMGEBUNG"},"content":{"rendered":"<div class=\"wpb-content-wrapper\"><p>[vc_row css=\".vc_custom_1670844349588{padding-bottom: 30px !important;}\"][vc_column][vc_column_text]Am Hang von Can Fita befindet sich das Touristengebiet Siesta, eine ausgedehnte, von Pinienb\u00e4umen umgebene und direkt am Meer gelegene Urbanisation, die den Vorteil hat, nur einen Steinwurf vom Stadtzentrum von Santa Eulalia del Rio entfernt zu sein, von dem sie nur durch die M\u00fcndung des einzigen Flusses auf Ibiza getrennt ist.[\/vc_column_text][\/vc_column][\/vc_row][vc_row][vc_column width=\"1\/2\"][vc_column_text]<\/p>\n<h3>Touristengebiet Siesta<\/h3>\n<p style=\"text-align: justify;\">Wenn Sie einen ruhigen Aufenthalt in einer landschaftlich reizvollen Umgebung mit Zugang zum Meer suchen, werden Sie die Touristengegend von Siesta lieben, denn hier finden Sie die Bucht <a href=\"https:\/\/visitsantaeulalia.com\/directorio\/es-calo-de-salga\/\" target=\"_blank\" rel=\"noopener\">Es Cal\u00f3 de s'Alga<\/a>, einen kleinen Sandstrand mit ruhigem Wasser, ideal zum Baden f\u00fcr Kinder und f\u00fcr einen ruhigen Tag am Strand. Die Bucht verf\u00fcgt \u00fcber eine sehr attraktive felsige Ecke zum Schnorcheln und bietet einen <strong>Panoramablick auf<\/strong> die bewaldeten Klippen von Cala Llonga.<\/p>\n<p>[\/vc_column_text][\/vc_column][vc_column width=\"1\/2\"][vc_single_image image=\"1583\" img_size=\"600x322\"][\/vc_column][\/vc_row][vc_row][vc_column width=\"1\/2\"][vc_column_text]<\/p>\n<h3>Was es in Siesta zu sehen gibt<\/h3>\n<p style=\"text-align: justify;\">Alle Attraktionen der Stadt Santa Eulalia del Rio sind dank der N\u00e4he von Siesta nur einen Katzensprung entfernt. Wenn Sie m\u00f6chten, k\u00f6nnen Sie sogar auf das Auto und den Bus verzichten, denn ein angenehmer Spaziergang verbindet die beiden St\u00e4dte \u00fcber die Br\u00fccke, die die Flussm\u00fcndung \u00fcberspannt und entlang der Stadtpromenade verl\u00e4uft. Ein Weg, der an der Br\u00fccke vorbeif\u00fchrt, die so genannte Flussroute, erm\u00f6glicht es Ihnen, die Bedeutung dieses Flussbettes f\u00fcr die Entwicklung des Dorfes zu entdecken und eine alte Getreidem\u00fchle zu besichtigen, die heute zum Interpretationszentrum des Flusses Can Planetes umgebaut wurde.<\/p>\n<p>[\/vc_column_text][\/vc_column][vc_column width=\"1\/2\"][vc_single_image image=\"1586\" img_size=\"600x322\"][\/vc_column][\/vc_row][vc_row css=\".vc_custom_1670423319011{margin-bottom: 50px !important;}\"][vc_column width=\"1\/2\"][vc_column_text]<\/p>\n<h3>Can Planetes.<\/h3>\n<p style=\"text-align: justify;\">Die Kirche von <a href=\"https:\/\/www.ibiza5sentidos.es\/visita-ibiza\/santa-eularia-des-riu\/\" target=\"_blank\" rel=\"noopener\">Santa Eulalia<\/a>, in Es Puig de Missa, war eine der vier Festungstempel, die auf der Insel zum Schutz vor Angriffen t\u00fcrkischer und nordafrikanischer Piraten errichtet wurden, zusammen mit denen von <a href=\"https:\/\/www.ibiza5sentidos.es\/visita-ibiza\/iglesia-de-sant-miquel\/\" target=\"_blank\" rel=\"noopener\">Sant Miquel<\/a>, <a href=\"https:\/\/www.ibiza5sentidos.es\/visita-ibiza\/iglesia-de-sant-jordi\/\" target=\"_blank\" rel=\"noopener\">Sant Jordi<\/a> und <a href=\"https:\/\/www.ibiza5sentidos.es\/visita-ibiza\/iglesia-de-sant-antoni\/\" target=\"_blank\" rel=\"noopener\">Sant Antoni<\/a>. Sie steht auf einem weithin sichtbaren H\u00fcgel, an dessen Fu\u00df sich einige H\u00e4user befinden. Unterhalb des H\u00fcgels befindet sich der Fluss der Stadt, neben dem sich die M\u00fchlen befanden, die w\u00e4hrend der Invasionen das Hauptziel waren.<\/p>\n<p>[\/vc_column_text][\/vc_column][vc_column width=\"1\/2\"][vc_single_image image=\"1580\" img_size=\"600x322\"][\/vc_column][\/vc_row]<\/p>\n<\/div>","protected":false},"excerpt":{"rendered":"<p>[vc_row css=\".vc_custom_1670844349588{padding-bottom: 30px !important;}\"][vc_column][vc_column_text]Am Hang von Can Fita befindet sich das Touristengebiet Siesta, eine ausgedehnte, von Pinienb\u00e4umen umgebene und direkt am Meer gelegene Urbanisation, die den Vorteil hat, nur einen Steinwurf vom Stadtzentrum von Santa Eulalia del Rio entfernt zu sein, von dem sie nur durch die M\u00fcndung des einzigen Flusses auf Ibiza getrennt ist.[\/vc_column_text][\/vc_column][\/vc_row][vc_row][vc_column &hellip; <\/p>\n<p class=\"link-more\"><a href=\"https:\/\/www.siestamar.com\/de\/umgebung\/\" class=\"more-link\"><span class=\"screen-reader-text\"> prova \"UMGEBUNG\"<\/span><\/a><\/p>\n","protected":false},"author":1,"featured_media":0,"parent":0,"menu_order":0,"comment_status":"closed","ping_status":"closed","template":"","meta":{"footnotes":""},"class_list":["post-1703","page","type-page","status-publish","hentry"],"yoast_head":"<!-- This site is optimized with the Yoast SEO plugin v27.4 - https:\/\/yoast.com\/product\/yoast-seo-wordpress\/ -->\n<title>UMGEBUNG - Siesta Mar Ibiza<\/title>\n<meta name=\"description\" content=\"Siesta Mar Ibiza \u00a1Vacaciones en Ibiza al mejor precio! Los Apartamentos Siesta Mar est\u00e1n pensados para sentirte como en casa y disfrutar de la tranquilidad en familia.\" \/>\n<meta name=\"robots\" content=\"index, follow, max-snippet:-1, max-image-preview:large, max-video-preview:-1\" \/>\n<link rel=\"canonical\" href=\"https:\/\/www.siestamar.com\/de\/umgebung\/\" \/>\n<meta property=\"og:locale\" content=\"de_DE\" \/>\n<meta property=\"og:type\" content=\"article\" \/>\n<meta property=\"og:title\" content=\"UMGEBUNG - Siesta Mar Ibiza\" \/>\n<meta property=\"og:description\" content=\"Siesta Mar Ibiza \u00a1Vacaciones en Ibiza al mejor precio! Los Apartamentos Siesta Mar est\u00e1n pensados para sentirte como en casa y disfrutar de la tranquilidad en familia.\" \/>\n<meta property=\"og:url\" content=\"https:\/\/www.siestamar.com\/de\/umgebung\/\" \/>\n<meta property=\"og:site_name\" content=\"Siesta Mar Ibiza\" \/>\n<meta property=\"article:modified_time\" content=\"2022-12-15T10:18:30+00:00\" \/>\n<meta name=\"twitter:card\" content=\"summary_large_image\" \/>\n<script type=\"application\/ld+json\" class=\"yoast-schema-graph\">{\"@context\":\"https:\\\/\\\/schema.org\",\"@graph\":[{\"@type\":\"WebPage\",\"@id\":\"https:\\\/\\\/www.siestamar.com\\\/de\\\/umgebung\\\/\",\"url\":\"https:\\\/\\\/www.siestamar.com\\\/de\\\/umgebung\\\/\",\"name\":\"UMGEBUNG - Siesta Mar Ibiza\",\"isPartOf\":{\"@id\":\"https:\\\/\\\/www.siestamar.com\\\/#website\"},\"datePublished\":\"2022-12-07T14:28:52+00:00\",\"dateModified\":\"2022-12-15T10:18:30+00:00\",\"description\":\"Siesta Mar Ibiza \u00a1Vacaciones en Ibiza al mejor precio! Los Apartamentos Siesta Mar est\u00e1n pensados para sentirte como en casa y disfrutar de la tranquilidad en familia.\",\"breadcrumb\":{\"@id\":\"https:\\\/\\\/www.siestamar.com\\\/de\\\/umgebung\\\/#breadcrumb\"},\"inLanguage\":\"de\",\"potentialAction\":[{\"@type\":\"ReadAction\",\"target\":[\"https:\\\/\\\/www.siestamar.com\\\/de\\\/umgebung\\\/\"]}]},{\"@type\":\"BreadcrumbList\",\"@id\":\"https:\\\/\\\/www.siestamar.com\\\/de\\\/umgebung\\\/#breadcrumb\",\"itemListElement\":[{\"@type\":\"ListItem\",\"position\":1,\"name\":\"Siesta Mar Ibiza\",\"item\":\"https:\\\/\\\/www.siestamar.com\\\/de\\\/willkommen-in-siesta-mar\\\/\"},{\"@type\":\"ListItem\",\"position\":2,\"name\":\"UMGEBUNG\"}]},{\"@type\":\"WebSite\",\"@id\":\"https:\\\/\\\/www.siestamar.com\\\/#website\",\"url\":\"https:\\\/\\\/www.siestamar.com\\\/\",\"name\":\"Siesta Mar Ibiza\",\"description\":\"Apartamentos en Ibiza\",\"publisher\":{\"@id\":\"https:\\\/\\\/www.siestamar.com\\\/#organization\"},\"alternateName\":\"Apartamentos en Ibiza\",\"potentialAction\":[{\"@type\":\"SearchAction\",\"target\":{\"@type\":\"EntryPoint\",\"urlTemplate\":\"https:\\\/\\\/www.siestamar.com\\\/?s={search_term_string}\"},\"query-input\":{\"@type\":\"PropertyValueSpecification\",\"valueRequired\":true,\"valueName\":\"search_term_string\"}}],\"inLanguage\":\"de\"},{\"@type\":\"Organization\",\"@id\":\"https:\\\/\\\/www.siestamar.com\\\/#organization\",\"name\":\"Siesta Mar Ibiza\",\"alternateName\":\"Apartamentos en Ibiza\",\"url\":\"https:\\\/\\\/www.siestamar.com\\\/\",\"logo\":{\"@type\":\"ImageObject\",\"inLanguage\":\"de\",\"@id\":\"https:\\\/\\\/www.siestamar.com\\\/#\\\/schema\\\/logo\\\/image\\\/\",\"url\":\"https:\\\/\\\/www.siestamar.com\\\/wp-content\\\/uploads\\\/2022\\\/11\\\/siestamar_logo-e1669110326832.png\",\"contentUrl\":\"https:\\\/\\\/www.siestamar.com\\\/wp-content\\\/uploads\\\/2022\\\/11\\\/siestamar_logo-e1669110326832.png\",\"width\":181,\"height\":100,\"caption\":\"Siesta Mar Ibiza\"},\"image\":{\"@id\":\"https:\\\/\\\/www.siestamar.com\\\/#\\\/schema\\\/logo\\\/image\\\/\"}}]}<\/script>\n<!-- \/ Yoast SEO plugin. -->","yoast_head_json":{"title":"UMGEBUNG - Siesta Mar Ibiza","description":"Siesta Mar Ibiza \u00a1Vacaciones en Ibiza al mejor precio! Los Apartamentos Siesta Mar est\u00e1n pensados para sentirte como en casa y disfrutar de la tranquilidad en familia.","robots":{"index":"index","follow":"follow","max-snippet":"max-snippet:-1","max-image-preview":"max-image-preview:large","max-video-preview":"max-video-preview:-1"},"canonical":"https:\/\/www.siestamar.com\/de\/umgebung\/","og_locale":"de_DE","og_type":"article","og_title":"UMGEBUNG - Siesta Mar Ibiza","og_description":"Siesta Mar Ibiza \u00a1Vacaciones en Ibiza al mejor precio! Los Apartamentos Siesta Mar est\u00e1n pensados para sentirte como en casa y disfrutar de la tranquilidad en familia.","og_url":"https:\/\/www.siestamar.com\/de\/umgebung\/","og_site_name":"Siesta Mar Ibiza","article_modified_time":"2022-12-15T10:18:30+00:00","twitter_card":"summary_large_image","schema":{"@context":"https:\/\/schema.org","@graph":[{"@type":"WebPage","@id":"https:\/\/www.siestamar.com\/de\/umgebung\/","url":"https:\/\/www.siestamar.com\/de\/umgebung\/","name":"UMGEBUNG - Siesta Mar Ibiza","isPartOf":{"@id":"https:\/\/www.siestamar.com\/#website"},"datePublished":"2022-12-07T14:28:52+00:00","dateModified":"2022-12-15T10:18:30+00:00","description":"Siesta Mar Ibiza \u00a1Vacaciones en Ibiza al mejor precio! Los Apartamentos Siesta Mar est\u00e1n pensados para sentirte como en casa y disfrutar de la tranquilidad en familia.","breadcrumb":{"@id":"https:\/\/www.siestamar.com\/de\/umgebung\/#breadcrumb"},"inLanguage":"de","potentialAction":[{"@type":"ReadAction","target":["https:\/\/www.siestamar.com\/de\/umgebung\/"]}]},{"@type":"BreadcrumbList","@id":"https:\/\/www.siestamar.com\/de\/umgebung\/#breadcrumb","itemListElement":[{"@type":"ListItem","position":1,"name":"Siesta Mar Ibiza","item":"https:\/\/www.siestamar.com\/de\/willkommen-in-siesta-mar\/"},{"@type":"ListItem","position":2,"name":"UMGEBUNG"}]},{"@type":"WebSite","@id":"https:\/\/www.siestamar.com\/#website","url":"https:\/\/www.siestamar.com\/","name":"Siesta Mar Ibiza","description":"Apartamentos en Ibiza","publisher":{"@id":"https:\/\/www.siestamar.com\/#organization"},"alternateName":"Apartamentos en Ibiza","potentialAction":[{"@type":"SearchAction","target":{"@type":"EntryPoint","urlTemplate":"https:\/\/www.siestamar.com\/?s={search_term_string}"},"query-input":{"@type":"PropertyValueSpecification","valueRequired":true,"valueName":"search_term_string"}}],"inLanguage":"de"},{"@type":"Organization","@id":"https:\/\/www.siestamar.com\/#organization","name":"Siesta Mar Ibiza","alternateName":"Apartamentos en Ibiza","url":"https:\/\/www.siestamar.com\/","logo":{"@type":"ImageObject","inLanguage":"de","@id":"https:\/\/www.siestamar.com\/#\/schema\/logo\/image\/","url":"https:\/\/www.siestamar.com\/wp-content\/uploads\/2022\/11\/siestamar_logo-e1669110326832.png","contentUrl":"https:\/\/www.siestamar.com\/wp-content\/uploads\/2022\/11\/siestamar_logo-e1669110326832.png","width":181,"height":100,"caption":"Siesta Mar Ibiza"},"image":{"@id":"https:\/\/www.siestamar.com\/#\/schema\/logo\/image\/"}}]}},"_links":{"self":[{"href":"https:\/\/www.siestamar.com\/de\/wp-json\/wp\/v2\/pages\/1703","targetHints":{"allow":["GET"]}}],"collection":[{"href":"https:\/\/www.siestamar.com\/de\/wp-json\/wp\/v2\/pages"}],"about":[{"href":"https:\/\/www.siestamar.com\/de\/wp-json\/wp\/v2\/types\/page"}],"author":[{"embeddable":true,"href":"https:\/\/www.siestamar.com\/de\/wp-json\/wp\/v2\/users\/1"}],"replies":[{"embeddable":true,"href":"https:\/\/www.siestamar.com\/de\/wp-json\/wp\/v2\/comments?post=1703"}],"version-history":[{"count":4,"href":"https:\/\/www.siestamar.com\/de\/wp-json\/wp\/v2\/pages\/1703\/revisions"}],"predecessor-version":[{"id":1708,"href":"https:\/\/www.siestamar.com\/de\/wp-json\/wp\/v2\/pages\/1703\/revisions\/1708"}],"wp:attachment":[{"href":"https:\/\/www.siestamar.com\/de\/wp-json\/wp\/v2\/media?parent=1703"}],"curies":[{"name":"wp","href":"https:\/\/api.w.org\/{rel}","templated":true}]}}