{"id":1688,"date":"2022-12-02T17:17:25","date_gmt":"2022-12-02T16:17:25","guid":{"rendered":"https:\/\/www.siestamar.com\/bedingungen-und-konditionen\/"},"modified":"2023-05-18T09:33:05","modified_gmt":"2023-05-18T07:33:05","slug":"bedingungen-und-konditionen","status":"publish","type":"page","link":"https:\/\/www.siestamar.com\/de\/bedingungen-und-konditionen\/","title":{"rendered":"Bedingungen und Konditionen"},"content":{"rendered":"<div class=\"wpb-content-wrapper\"><p>[vc_row css=\".vc_custom_1671097764641{margin-bottom: 40px !important;padding-right: 30px !important;padding-left: 30px !important;}\"][vc_column][vc_column_text]Unsere Rezeption ist im Sommer von Monntag bis Freitag von 9:00 bis 17:00 Uhr und im Winter von 09:00 bis 13:00 Uhr ge\u00f6ffnet. Wenn Sie au\u00dferhalb der \u00d6ffnungszeiten ankommen, finden Sie an der Rezeption einige Briefk\u00e4sten, in denen Sie alle Informationen finden, die Sie ben\u00f6tigen, um zu Ihrer Wohnung zu gelangen sowie die Schl\u00fcssel. Einige Tage vor Ihrer Ankunft senden wir Ihnen eine E-Mail mit allen Informationen, die Sie zur Vorbereitung Ihrer Reise ben\u00f6tigen.<\/p>\n<p>Der Check-in in die Wohnung erfolgt ab 15:00 Uhr und der Check-out bis 10:00 Uhr.<\/p>\n<p>Wenn Sie es w\u00fcnschen, k\u00f6nnen wir Ihr Gep\u00e4ck w\u00e4hrend der \u00d6ffnungszeiten an der Rezeption aufbewahren.<\/p>\n<p>Siesta Mar ist ein Ort, an dem die Ruhe eines Familienurlaubs gesucht wird, daher ist es strengstens verboten, nach 0:00 Uhr L\u00e4rm zu machen oder zu feiern.<\/p>\n<p>Denken Sie daran, dass die Ecotasa die <strong>\"Steuer auf touristische Aufenthalte und zur F\u00f6rderung des nachhaltigen Tourismus\"<\/strong>\u00a0auf den Balearen ist. Diese Geb\u00fchr ist vom Touristen zu zahlen und wird je nach Saison pro Person und Tag berechnet.<\/p>\n<p>Der Eintritt zum Schwimmbad ist f\u00fcr alle unsere G\u00e4ste kostenlos, aber die Benutzung der Liegen muss am Schwimmbad selbst bezahlt werden.[\/vc_column_text][\/vc_column][\/vc_row][vc_row css=\".vc_custom_1671097748698{margin-bottom: 50px !important;padding-right: 30px !important;padding-left: 30px !important;}\" el_id=\"politica-mascotas\"][vc_column][vc_column_text]<\/p>\n<h3>HAUSTIERPOLITIK:<\/h3>\n<p>Haustiere sind nicht erlaubt[\/vc_column_text][\/vc_column][\/vc_row]<\/p>\n<\/div>","protected":false},"excerpt":{"rendered":"<p>[vc_row css=\".vc_custom_1671097764641{margin-bottom: 40px !important;padding-right: 30px !important;padding-left: 30px !important;}\"][vc_column][vc_column_text]Unsere Rezeption ist im Sommer von Monntag bis Freitag von 9:00 bis 17:00 Uhr und im Winter von 09:00 bis 13:00 Uhr ge\u00f6ffnet. Wenn Sie au\u00dferhalb der \u00d6ffnungszeiten ankommen, finden Sie an der Rezeption einige Briefk\u00e4sten, in denen Sie alle Informationen finden, die Sie ben\u00f6tigen, um zu Ihrer &hellip; <\/p>\n<p class=\"link-more\"><a href=\"https:\/\/www.siestamar.com\/de\/bedingungen-und-konditionen\/\" class=\"more-link\"><span class=\"screen-reader-text\"> prova \"Bedingungen und Konditionen\"<\/span><\/a><\/p>\n","protected":false},"author":1,"featured_media":0,"parent":0,"menu_order":0,"comment_status":"closed","ping_status":"closed","template":"","meta":{"footnotes":""},"class_list":["post-1688","page","type-page","status-publish","hentry"],"yoast_head":"<!-- This site is optimized with the Yoast SEO plugin v27.4 - https:\/\/yoast.com\/product\/yoast-seo-wordpress\/ -->\n<title>Bedingungen und Konditionen - Siesta Mar Ibiza<\/title>\n<meta name=\"description\" content=\"Siesta Mar Ibiza \u00a1Vacaciones en Ibiza al mejor precio! Los Apartamentos Siesta Mar est\u00e1n pensados para sentirte como en casa y disfrutar de la tranquilidad en familia.\" \/>\n<meta name=\"robots\" content=\"noindex, nofollow\" \/>\n<meta property=\"og:locale\" content=\"de_DE\" \/>\n<meta property=\"og:type\" content=\"article\" \/>\n<meta property=\"og:title\" content=\"Bedingungen und Konditionen - Siesta Mar Ibiza\" \/>\n<meta property=\"og:description\" content=\"Siesta Mar Ibiza \u00a1Vacaciones en Ibiza al mejor precio! Los Apartamentos Siesta Mar est\u00e1n pensados para sentirte como en casa y disfrutar de la tranquilidad en familia.\" \/>\n<meta property=\"og:url\" content=\"https:\/\/www.siestamar.com\/terminos-y-condiciones\/\" \/>\n<meta property=\"og:site_name\" content=\"Siesta Mar Ibiza\" \/>\n<meta property=\"article:modified_time\" content=\"2023-05-18T07:33:05+00:00\" \/>\n<meta name=\"twitter:card\" content=\"summary_large_image\" \/>\n<script type=\"application\/ld+json\" class=\"yoast-schema-graph\">{\"@context\":\"https:\\\/\\\/schema.org\",\"@graph\":[{\"@type\":\"WebPage\",\"@id\":\"https:\\\/\\\/www.siestamar.com\\\/terminos-y-condiciones\\\/\",\"url\":\"https:\\\/\\\/www.siestamar.com\\\/terminos-y-condiciones\\\/\",\"name\":\"Bedingungen und Konditionen - Siesta Mar Ibiza\",\"isPartOf\":{\"@id\":\"https:\\\/\\\/www.siestamar.com\\\/#website\"},\"datePublished\":\"2022-12-02T16:17:25+00:00\",\"dateModified\":\"2023-05-18T07:33:05+00:00\",\"description\":\"Siesta Mar Ibiza \u00a1Vacaciones en Ibiza al mejor precio! Los Apartamentos Siesta Mar est\u00e1n pensados para sentirte como en casa y disfrutar de la tranquilidad en familia.\",\"breadcrumb\":{\"@id\":\"https:\\\/\\\/www.siestamar.com\\\/terminos-y-condiciones\\\/#breadcrumb\"},\"inLanguage\":\"de\",\"potentialAction\":[{\"@type\":\"ReadAction\",\"target\":[\"https:\\\/\\\/www.siestamar.com\\\/terminos-y-condiciones\\\/\"]}]},{\"@type\":\"BreadcrumbList\",\"@id\":\"https:\\\/\\\/www.siestamar.com\\\/terminos-y-condiciones\\\/#breadcrumb\",\"itemListElement\":[{\"@type\":\"ListItem\",\"position\":1,\"name\":\"Siesta Mar Ibiza\",\"item\":\"https:\\\/\\\/www.siestamar.com\\\/de\\\/willkommen-in-siesta-mar\\\/\"},{\"@type\":\"ListItem\",\"position\":2,\"name\":\"Bedingungen und Konditionen\"}]},{\"@type\":\"WebSite\",\"@id\":\"https:\\\/\\\/www.siestamar.com\\\/#website\",\"url\":\"https:\\\/\\\/www.siestamar.com\\\/\",\"name\":\"Siesta Mar Ibiza\",\"description\":\"Apartamentos en Ibiza\",\"publisher\":{\"@id\":\"https:\\\/\\\/www.siestamar.com\\\/#organization\"},\"alternateName\":\"Apartamentos en Ibiza\",\"potentialAction\":[{\"@type\":\"SearchAction\",\"target\":{\"@type\":\"EntryPoint\",\"urlTemplate\":\"https:\\\/\\\/www.siestamar.com\\\/?s={search_term_string}\"},\"query-input\":{\"@type\":\"PropertyValueSpecification\",\"valueRequired\":true,\"valueName\":\"search_term_string\"}}],\"inLanguage\":\"de\"},{\"@type\":\"Organization\",\"@id\":\"https:\\\/\\\/www.siestamar.com\\\/#organization\",\"name\":\"Siesta Mar Ibiza\",\"alternateName\":\"Apartamentos en Ibiza\",\"url\":\"https:\\\/\\\/www.siestamar.com\\\/\",\"logo\":{\"@type\":\"ImageObject\",\"inLanguage\":\"de\",\"@id\":\"https:\\\/\\\/www.siestamar.com\\\/#\\\/schema\\\/logo\\\/image\\\/\",\"url\":\"https:\\\/\\\/www.siestamar.com\\\/wp-content\\\/uploads\\\/2022\\\/11\\\/siestamar_logo-e1669110326832.png\",\"contentUrl\":\"https:\\\/\\\/www.siestamar.com\\\/wp-content\\\/uploads\\\/2022\\\/11\\\/siestamar_logo-e1669110326832.png\",\"width\":181,\"height\":100,\"caption\":\"Siesta Mar Ibiza\"},\"image\":{\"@id\":\"https:\\\/\\\/www.siestamar.com\\\/#\\\/schema\\\/logo\\\/image\\\/\"}}]}<\/script>\n<!-- \/ Yoast SEO plugin. -->","yoast_head_json":{"title":"Bedingungen und Konditionen - Siesta Mar Ibiza","description":"Siesta Mar Ibiza \u00a1Vacaciones en Ibiza al mejor precio! Los Apartamentos Siesta Mar est\u00e1n pensados para sentirte como en casa y disfrutar de la tranquilidad en familia.","robots":{"index":"noindex","follow":"nofollow"},"og_locale":"de_DE","og_type":"article","og_title":"Bedingungen und Konditionen - Siesta Mar Ibiza","og_description":"Siesta Mar Ibiza \u00a1Vacaciones en Ibiza al mejor precio! Los Apartamentos Siesta Mar est\u00e1n pensados para sentirte como en casa y disfrutar de la tranquilidad en familia.","og_url":"https:\/\/www.siestamar.com\/terminos-y-condiciones\/","og_site_name":"Siesta Mar Ibiza","article_modified_time":"2023-05-18T07:33:05+00:00","twitter_card":"summary_large_image","schema":{"@context":"https:\/\/schema.org","@graph":[{"@type":"WebPage","@id":"https:\/\/www.siestamar.com\/terminos-y-condiciones\/","url":"https:\/\/www.siestamar.com\/terminos-y-condiciones\/","name":"Bedingungen und Konditionen - Siesta Mar Ibiza","isPartOf":{"@id":"https:\/\/www.siestamar.com\/#website"},"datePublished":"2022-12-02T16:17:25+00:00","dateModified":"2023-05-18T07:33:05+00:00","description":"Siesta Mar Ibiza \u00a1Vacaciones en Ibiza al mejor precio! Los Apartamentos Siesta Mar est\u00e1n pensados para sentirte como en casa y disfrutar de la tranquilidad en familia.","breadcrumb":{"@id":"https:\/\/www.siestamar.com\/terminos-y-condiciones\/#breadcrumb"},"inLanguage":"de","potentialAction":[{"@type":"ReadAction","target":["https:\/\/www.siestamar.com\/terminos-y-condiciones\/"]}]},{"@type":"BreadcrumbList","@id":"https:\/\/www.siestamar.com\/terminos-y-condiciones\/#breadcrumb","itemListElement":[{"@type":"ListItem","position":1,"name":"Siesta Mar Ibiza","item":"https:\/\/www.siestamar.com\/de\/willkommen-in-siesta-mar\/"},{"@type":"ListItem","position":2,"name":"Bedingungen und Konditionen"}]},{"@type":"WebSite","@id":"https:\/\/www.siestamar.com\/#website","url":"https:\/\/www.siestamar.com\/","name":"Siesta Mar Ibiza","description":"Apartamentos en Ibiza","publisher":{"@id":"https:\/\/www.siestamar.com\/#organization"},"alternateName":"Apartamentos en Ibiza","potentialAction":[{"@type":"SearchAction","target":{"@type":"EntryPoint","urlTemplate":"https:\/\/www.siestamar.com\/?s={search_term_string}"},"query-input":{"@type":"PropertyValueSpecification","valueRequired":true,"valueName":"search_term_string"}}],"inLanguage":"de"},{"@type":"Organization","@id":"https:\/\/www.siestamar.com\/#organization","name":"Siesta Mar Ibiza","alternateName":"Apartamentos en Ibiza","url":"https:\/\/www.siestamar.com\/","logo":{"@type":"ImageObject","inLanguage":"de","@id":"https:\/\/www.siestamar.com\/#\/schema\/logo\/image\/","url":"https:\/\/www.siestamar.com\/wp-content\/uploads\/2022\/11\/siestamar_logo-e1669110326832.png","contentUrl":"https:\/\/www.siestamar.com\/wp-content\/uploads\/2022\/11\/siestamar_logo-e1669110326832.png","width":181,"height":100,"caption":"Siesta Mar Ibiza"},"image":{"@id":"https:\/\/www.siestamar.com\/#\/schema\/logo\/image\/"}}]}},"_links":{"self":[{"href":"https:\/\/www.siestamar.com\/de\/wp-json\/wp\/v2\/pages\/1688","targetHints":{"allow":["GET"]}}],"collection":[{"href":"https:\/\/www.siestamar.com\/de\/wp-json\/wp\/v2\/pages"}],"about":[{"href":"https:\/\/www.siestamar.com\/de\/wp-json\/wp\/v2\/types\/page"}],"author":[{"embeddable":true,"href":"https:\/\/www.siestamar.com\/de\/wp-json\/wp\/v2\/users\/1"}],"replies":[{"embeddable":true,"href":"https:\/\/www.siestamar.com\/de\/wp-json\/wp\/v2\/comments?post=1688"}],"version-history":[{"count":5,"href":"https:\/\/www.siestamar.com\/de\/wp-json\/wp\/v2\/pages\/1688\/revisions"}],"predecessor-version":[{"id":2113,"href":"https:\/\/www.siestamar.com\/de\/wp-json\/wp\/v2\/pages\/1688\/revisions\/2113"}],"wp:attachment":[{"href":"https:\/\/www.siestamar.com\/de\/wp-json\/wp\/v2\/media?parent=1688"}],"curies":[{"name":"wp","href":"https:\/\/api.w.org\/{rel}","templated":true}]}}