{"id":1673,"date":"2022-10-21T14:24:34","date_gmt":"2022-10-21T12:24:34","guid":{"rendered":"https:\/\/www.siestamar.com\/willkommen-in-siesta-mar\/"},"modified":"2025-06-13T10:56:56","modified_gmt":"2025-06-13T08:56:56","slug":"willkommen-in-siesta-mar","status":"publish","type":"page","link":"https:\/\/www.siestamar.com\/de\/","title":{"rendered":"Willkommen in Siesta Mar!"},"content":{"rendered":"<div class=\"wpb-content-wrapper\"><p>[vc_row css=\".vc_custom_1671115933399{padding-right: 50px !important;padding-left: 50px !important;}\"][vc_column][vc_column_text css=\"\"]<\/p>\n<h2 style=\"text-align: center;\">Ferien auf Ibiza zum besten Preis!<\/h2>\n<p style=\"text-align: center;\">Siesta Mar Ibiza ist ein Unternehmen, das Ferienwohnungen an verschiedenen Standorten in Siesta verwaltet. Nicht alle Wohnungen befinden sich in der Anlage, wir haben auch 1-Zimmer-Wohnungen in den Geb\u00e4uden nebenan.<\/p>\n<p style=\"text-align: center;\">Wir befinden uns in Siesta Mar, einer ruhigen, von Pinienb\u00e4umen umgebenen Wohnanlage direkt am Meer, die den Vorteil hat, dass sie nur einen Steinwurf von Santa Eulalia del Rio entfernt ist. Einem Dorf mit starker lokaler und famili\u00e4rer Atmosph\u00e4re, von dem sie nur durch die M\u00fcndung des einzigen Flusses auf Ibiza getrennt ist.<\/p>\n<p style=\"text-align: center;\">Die Wohnungen sind auch nur wenige Gehminuten vom Siesta-Strand entfernt. Mit Anschluss an \u00f6ffentliche Transportmittel und einer Vielzahl von Restaurants.<\/p>\n<p style=\"text-align: center;\">Die Siesta Mar Apartments sind so gestaltet, dass Sie sich wie zu Hause f\u00fchlen und die Ruhe und den Frieden mit Ihrer Familie genie\u00dfen k\u00f6nnen.<\/p>\n<p style=\"text-align: center;\">Die Anlage ist von \u00fcppigen gr\u00fcnen G\u00e4rten und einem gro\u00dfen Schwimmbecken mit Restaurant umgeben, wo Sie sich entspannen und die Sonne genie\u00dfen k\u00f6nnen.<br \/>\nIm Siesta Mar haben wir das ganze Jahr \u00fcber ge\u00f6ffnet!<\/p>\n<p>&nbsp;<br \/>\n[\/vc_column_text][\/vc_column][\/vc_row][vc_row full_width=\"stretch_row\" parallax=\"content-moving\" parallax_image=\"1347\" parallax_speed_bg=\"3\" css=\".vc_custom_1671104763673{padding-top: 150px !important;padding-bottom: 150px !important;background-image: url(https:\/\/www.siestamar.com\/wp-content\/uploads\/2022\/11\/PB058051.jpg?id=1347) !important;background-position: center;background-repeat: no-repeat !important;background-size: cover !important;}\"][vc_column][\/vc_column][\/vc_row]<\/p>\n<\/div>","protected":false},"excerpt":{"rendered":"<p>[vc_row css=\".vc_custom_1671115933399{padding-right: 50px !important;padding-left: 50px !important;}\"][vc_column][vc_column_text css=\"\"] Ferien auf Ibiza zum besten Preis! Siesta Mar Ibiza ist ein Unternehmen, das Ferienwohnungen an verschiedenen Standorten in Siesta verwaltet. Nicht alle Wohnungen befinden sich in der Anlage, wir haben auch 1-Zimmer-Wohnungen in den Geb\u00e4uden nebenan. Wir befinden uns in Siesta Mar, einer ruhigen, von Pinienb\u00e4umen umgebenen Wohnanlage &hellip; <\/p>\n<p class=\"link-more\"><a href=\"https:\/\/www.siestamar.com\/de\/\" class=\"more-link\"><span class=\"screen-reader-text\"> prova \"Willkommen in Siesta Mar!\"<\/span><\/a><\/p>\n","protected":false},"author":1,"featured_media":0,"parent":0,"menu_order":0,"comment_status":"closed","ping_status":"closed","template":"page-templates\/page-homepage.php","meta":{"footnotes":""},"class_list":["post-1673","page","type-page","status-publish","hentry"],"yoast_head":"<!-- This site is optimized with the Yoast SEO plugin v27.4 - https:\/\/yoast.com\/product\/yoast-seo-wordpress\/ -->\n<title>Willkommen in Siesta Mar! - Siesta Mar Ibiza<\/title>\n<meta name=\"description\" content=\"Siesta Mar Ibiza \u00a1Vacaciones en Ibiza al mejor precio! Los Apartamentos Siesta Mar est\u00e1n pensados para sentirte como en casa y disfrutar de la tranquilidad en familia.\" \/>\n<meta name=\"robots\" content=\"index, follow, max-snippet:-1, max-image-preview:large, max-video-preview:-1\" \/>\n<link rel=\"canonical\" href=\"https:\/\/www.siestamar.com\/de\/willkommen-in-siesta-mar\/\" \/>\n<meta property=\"og:locale\" content=\"de_DE\" \/>\n<meta property=\"og:type\" content=\"article\" \/>\n<meta property=\"og:title\" content=\"Willkommen in Siesta Mar! - Siesta Mar Ibiza\" \/>\n<meta property=\"og:description\" content=\"Siesta Mar Ibiza \u00a1Vacaciones en Ibiza al mejor precio! Los Apartamentos Siesta Mar est\u00e1n pensados para sentirte como en casa y disfrutar de la tranquilidad en familia.\" \/>\n<meta property=\"og:url\" content=\"https:\/\/www.siestamar.com\/de\/willkommen-in-siesta-mar\/\" \/>\n<meta property=\"og:site_name\" content=\"Siesta Mar Ibiza\" \/>\n<meta property=\"article:modified_time\" content=\"2025-06-13T08:56:56+00:00\" \/>\n<meta name=\"twitter:card\" content=\"summary_large_image\" \/>\n<script type=\"application\/ld+json\" class=\"yoast-schema-graph\">{\"@context\":\"https:\\\/\\\/schema.org\",\"@graph\":[{\"@type\":\"WebPage\",\"@id\":\"https:\\\/\\\/www.siestamar.com\\\/de\\\/willkommen-in-siesta-mar\\\/\",\"url\":\"https:\\\/\\\/www.siestamar.com\\\/de\\\/willkommen-in-siesta-mar\\\/\",\"name\":\"Willkommen in Siesta Mar! - Siesta Mar Ibiza\",\"isPartOf\":{\"@id\":\"https:\\\/\\\/www.siestamar.com\\\/#website\"},\"datePublished\":\"2022-10-21T12:24:34+00:00\",\"dateModified\":\"2025-06-13T08:56:56+00:00\",\"description\":\"Siesta Mar Ibiza \u00a1Vacaciones en Ibiza al mejor precio! Los Apartamentos Siesta Mar est\u00e1n pensados para sentirte como en casa y disfrutar de la tranquilidad en familia.\",\"breadcrumb\":{\"@id\":\"https:\\\/\\\/www.siestamar.com\\\/de\\\/willkommen-in-siesta-mar\\\/#breadcrumb\"},\"inLanguage\":\"de\",\"potentialAction\":[{\"@type\":\"ReadAction\",\"target\":[\"https:\\\/\\\/www.siestamar.com\\\/de\\\/willkommen-in-siesta-mar\\\/\"]}]},{\"@type\":\"BreadcrumbList\",\"@id\":\"https:\\\/\\\/www.siestamar.com\\\/de\\\/willkommen-in-siesta-mar\\\/#breadcrumb\",\"itemListElement\":[{\"@type\":\"ListItem\",\"position\":1,\"name\":\"Siesta Mar Ibiza\",\"item\":\"https:\\\/\\\/www.siestamar.com\\\/de\\\/willkommen-in-siesta-mar\\\/\"},{\"@type\":\"ListItem\",\"position\":2,\"name\":\"Willkommen in Siesta Mar!\"}]},{\"@type\":\"WebSite\",\"@id\":\"https:\\\/\\\/www.siestamar.com\\\/#website\",\"url\":\"https:\\\/\\\/www.siestamar.com\\\/\",\"name\":\"Siesta Mar Ibiza\",\"description\":\"Apartamentos en Ibiza\",\"publisher\":{\"@id\":\"https:\\\/\\\/www.siestamar.com\\\/#organization\"},\"alternateName\":\"Apartamentos en Ibiza\",\"potentialAction\":[{\"@type\":\"SearchAction\",\"target\":{\"@type\":\"EntryPoint\",\"urlTemplate\":\"https:\\\/\\\/www.siestamar.com\\\/?s={search_term_string}\"},\"query-input\":{\"@type\":\"PropertyValueSpecification\",\"valueRequired\":true,\"valueName\":\"search_term_string\"}}],\"inLanguage\":\"de\"},{\"@type\":\"Organization\",\"@id\":\"https:\\\/\\\/www.siestamar.com\\\/#organization\",\"name\":\"Siesta Mar Ibiza\",\"alternateName\":\"Apartamentos en Ibiza\",\"url\":\"https:\\\/\\\/www.siestamar.com\\\/\",\"logo\":{\"@type\":\"ImageObject\",\"inLanguage\":\"de\",\"@id\":\"https:\\\/\\\/www.siestamar.com\\\/#\\\/schema\\\/logo\\\/image\\\/\",\"url\":\"https:\\\/\\\/www.siestamar.com\\\/wp-content\\\/uploads\\\/2022\\\/11\\\/siestamar_logo-e1669110326832.png\",\"contentUrl\":\"https:\\\/\\\/www.siestamar.com\\\/wp-content\\\/uploads\\\/2022\\\/11\\\/siestamar_logo-e1669110326832.png\",\"width\":181,\"height\":100,\"caption\":\"Siesta Mar Ibiza\"},\"image\":{\"@id\":\"https:\\\/\\\/www.siestamar.com\\\/#\\\/schema\\\/logo\\\/image\\\/\"}}]}<\/script>\n<!-- \/ Yoast SEO plugin. -->","yoast_head_json":{"title":"Willkommen in Siesta Mar! - Siesta Mar Ibiza","description":"Siesta Mar Ibiza \u00a1Vacaciones en Ibiza al mejor precio! Los Apartamentos Siesta Mar est\u00e1n pensados para sentirte como en casa y disfrutar de la tranquilidad en familia.","robots":{"index":"index","follow":"follow","max-snippet":"max-snippet:-1","max-image-preview":"max-image-preview:large","max-video-preview":"max-video-preview:-1"},"canonical":"https:\/\/www.siestamar.com\/de\/willkommen-in-siesta-mar\/","og_locale":"de_DE","og_type":"article","og_title":"Willkommen in Siesta Mar! - Siesta Mar Ibiza","og_description":"Siesta Mar Ibiza \u00a1Vacaciones en Ibiza al mejor precio! Los Apartamentos Siesta Mar est\u00e1n pensados para sentirte como en casa y disfrutar de la tranquilidad en familia.","og_url":"https:\/\/www.siestamar.com\/de\/willkommen-in-siesta-mar\/","og_site_name":"Siesta Mar Ibiza","article_modified_time":"2025-06-13T08:56:56+00:00","twitter_card":"summary_large_image","schema":{"@context":"https:\/\/schema.org","@graph":[{"@type":"WebPage","@id":"https:\/\/www.siestamar.com\/de\/willkommen-in-siesta-mar\/","url":"https:\/\/www.siestamar.com\/de\/willkommen-in-siesta-mar\/","name":"Willkommen in Siesta Mar! - Siesta Mar Ibiza","isPartOf":{"@id":"https:\/\/www.siestamar.com\/#website"},"datePublished":"2022-10-21T12:24:34+00:00","dateModified":"2025-06-13T08:56:56+00:00","description":"Siesta Mar Ibiza \u00a1Vacaciones en Ibiza al mejor precio! Los Apartamentos Siesta Mar est\u00e1n pensados para sentirte como en casa y disfrutar de la tranquilidad en familia.","breadcrumb":{"@id":"https:\/\/www.siestamar.com\/de\/willkommen-in-siesta-mar\/#breadcrumb"},"inLanguage":"de","potentialAction":[{"@type":"ReadAction","target":["https:\/\/www.siestamar.com\/de\/willkommen-in-siesta-mar\/"]}]},{"@type":"BreadcrumbList","@id":"https:\/\/www.siestamar.com\/de\/willkommen-in-siesta-mar\/#breadcrumb","itemListElement":[{"@type":"ListItem","position":1,"name":"Siesta Mar Ibiza","item":"https:\/\/www.siestamar.com\/de\/willkommen-in-siesta-mar\/"},{"@type":"ListItem","position":2,"name":"Willkommen in Siesta Mar!"}]},{"@type":"WebSite","@id":"https:\/\/www.siestamar.com\/#website","url":"https:\/\/www.siestamar.com\/","name":"Siesta Mar Ibiza","description":"Apartamentos en Ibiza","publisher":{"@id":"https:\/\/www.siestamar.com\/#organization"},"alternateName":"Apartamentos en Ibiza","potentialAction":[{"@type":"SearchAction","target":{"@type":"EntryPoint","urlTemplate":"https:\/\/www.siestamar.com\/?s={search_term_string}"},"query-input":{"@type":"PropertyValueSpecification","valueRequired":true,"valueName":"search_term_string"}}],"inLanguage":"de"},{"@type":"Organization","@id":"https:\/\/www.siestamar.com\/#organization","name":"Siesta Mar Ibiza","alternateName":"Apartamentos en Ibiza","url":"https:\/\/www.siestamar.com\/","logo":{"@type":"ImageObject","inLanguage":"de","@id":"https:\/\/www.siestamar.com\/#\/schema\/logo\/image\/","url":"https:\/\/www.siestamar.com\/wp-content\/uploads\/2022\/11\/siestamar_logo-e1669110326832.png","contentUrl":"https:\/\/www.siestamar.com\/wp-content\/uploads\/2022\/11\/siestamar_logo-e1669110326832.png","width":181,"height":100,"caption":"Siesta Mar Ibiza"},"image":{"@id":"https:\/\/www.siestamar.com\/#\/schema\/logo\/image\/"}}]}},"_links":{"self":[{"href":"https:\/\/www.siestamar.com\/de\/wp-json\/wp\/v2\/pages\/1673","targetHints":{"allow":["GET"]}}],"collection":[{"href":"https:\/\/www.siestamar.com\/de\/wp-json\/wp\/v2\/pages"}],"about":[{"href":"https:\/\/www.siestamar.com\/de\/wp-json\/wp\/v2\/types\/page"}],"author":[{"embeddable":true,"href":"https:\/\/www.siestamar.com\/de\/wp-json\/wp\/v2\/users\/1"}],"replies":[{"embeddable":true,"href":"https:\/\/www.siestamar.com\/de\/wp-json\/wp\/v2\/comments?post=1673"}],"version-history":[{"count":9,"href":"https:\/\/www.siestamar.com\/de\/wp-json\/wp\/v2\/pages\/1673\/revisions"}],"predecessor-version":[{"id":2344,"href":"https:\/\/www.siestamar.com\/de\/wp-json\/wp\/v2\/pages\/1673\/revisions\/2344"}],"wp:attachment":[{"href":"https:\/\/www.siestamar.com\/de\/wp-json\/wp\/v2\/media?parent=1673"}],"curies":[{"name":"wp","href":"https:\/\/api.w.org\/{rel}","templated":true}]}}